{"id":145,"date":"2026-02-09T15:01:01","date_gmt":"2026-02-09T15:01:01","guid":{"rendered":"http:\/\/renove-toitures.fr\/?page_id=145"},"modified":"2026-02-09T15:02:57","modified_gmt":"2026-02-09T15:02:57","slug":"mentions-legales","status":"publish","type":"page","link":"https:\/\/renove-toitures.fr\/index.php\/mentions-legales\/","title":{"rendered":"Mentions L\u00e9gales"},"content":{"rendered":"\n<p class=\"has-text-align-center has-x-large-font-size\">Mentions L\u00e9gales<\/p>\n\n\n\n<h3 class=\"wp-block-heading\">\u00c9diteur du site<\/h3>\n\n\n\n<p>Le pr\u00e9sent site web, accessible \u00e0 l\u2019adresse www.renove-toitures.fr, est \u00e9dit\u00e9 par l\u2019entreprise <strong>RENOVE TOITURE<\/strong>.<\/p>\n\n\n\n<ul class=\"wp-block-list\">\n<li><strong>Forme juridique :<\/strong> Entrepreneur Individuel (ou pr\u00e9cisez si SAS\/SARL)<\/li>\n\n\n\n<li><strong>Si\u00e8ge social :<\/strong> 4 chemin de Villiers, 77930 Chailly-en-Bi\u00e8re<\/li>\n\n\n\n<li><strong>SIRET :<\/strong> 500 868 377 000 36<\/li>\n\n\n\n<li><strong>Num\u00e9ro de TVA Intracommunautaire :<\/strong> FR65500868377<\/li>\n\n\n\n<li><strong>Directeur de la publication :<\/strong> Sammy REYNARD<\/li>\n\n\n\n<li><strong>Contact :<\/strong> 06 50 87 54 83 | paulrenovetoiture@gmail.com<\/li>\n<\/ul>\n\n\n\n<h3 class=\"wp-block-heading\">H\u00e9bergement<\/h3>\n\n\n\n<p>Le site est h\u00e9berg\u00e9 par la soci\u00e9t\u00e9 <strong>OVH SAS<\/strong>.<\/p>\n\n\n\n<ul class=\"wp-block-list\">\n<li><strong>Adresse :<\/strong> 2 rue Kellermann &#8211; 59100 Roubaix &#8211; France<\/li>\n\n\n\n<li><strong>Site web :<\/strong> <a href=\"https:\/\/www.ovh.com\" target=\"_blank\" rel=\"noreferrer noopener\">www.ovh.com<\/a><\/li>\n<\/ul>\n\n\n\n<h3 class=\"wp-block-heading\">Propri\u00e9t\u00e9 intellectuelle<\/h3>\n\n\n\n<p>L&rsquo;ensemble des contenus pr\u00e9sents sur ce site (textes, images, logos, graphismes) est la propri\u00e9t\u00e9 exclusive de <strong>RENOVE TOITURE<\/strong>, sauf mention contraire. Toute reproduction, distribution ou modification de ces \u00e9l\u00e9ments est strictement interdite sans l&rsquo;accord \u00e9crit pr\u00e9alable de Sammy REYNARD.<\/p>\n\n\n\n<h3 class=\"wp-block-heading\">Responsabilit\u00e9<\/h3>\n\n\n\n<p>RENOVE TOITURE s\u2019efforce d\u2019assurer l\u2019exactitude des informations diffus\u00e9es sur ce site. Toutefois, l&rsquo;entreprise ne peut \u00eatre tenue responsable des omissions ou des lacunes dans la mise \u00e0 jour des informations.<\/p>\n\n\n\n<hr class=\"wp-block-separator has-alpha-channel-opacity\"\/>\n","protected":false},"excerpt":{"rendered":"<p>Mentions L\u00e9gales \u00c9diteur du site Le pr\u00e9sent site web, accessible \u00e0 l\u2019adresse www.renove-toitures.fr, est \u00e9dit\u00e9 par l\u2019entreprise RENOVE TOITURE. H\u00e9bergement Le site est h\u00e9berg\u00e9 par la soci\u00e9t\u00e9 OVH SAS. Propri\u00e9t\u00e9 intellectuelle L&rsquo;ensemble des contenus pr\u00e9sents sur ce site (textes, images, logos, graphismes) est la propri\u00e9t\u00e9 exclusive de RENOVE TOITURE, sauf mention contraire. Toute reproduction, distribution [&hellip;]<\/p>\n","protected":false},"author":1,"featured_media":0,"parent":0,"menu_order":0,"comment_status":"closed","ping_status":"closed","template":"","meta":{"footnotes":""},"class_list":["post-145","page","type-page","status-publish","hentry"],"yoast_head":"<!-- This site is optimized with the Yoast SEO plugin v26.9 - https:\/\/yoast.com\/product\/yoast-seo-wordpress\/ -->\n<title>Mentions L\u00e9gales - Renove toiture<\/title>\n<meta name=\"robots\" content=\"index, follow, max-snippet:-1, max-image-preview:large, max-video-preview:-1\" \/>\n<link rel=\"canonical\" href=\"https:\/\/renove-toitures.fr\/index.php\/mentions-legales\/\" \/>\n<meta property=\"og:locale\" content=\"fr_FR\" \/>\n<meta property=\"og:type\" content=\"article\" \/>\n<meta property=\"og:title\" content=\"Mentions L\u00e9gales - Renove toiture\" \/>\n<meta property=\"og:description\" content=\"Mentions L\u00e9gales \u00c9diteur du site Le pr\u00e9sent site web, accessible \u00e0 l\u2019adresse www.renove-toitures.fr, est \u00e9dit\u00e9 par l\u2019entreprise RENOVE TOITURE. H\u00e9bergement Le site est h\u00e9berg\u00e9 par la soci\u00e9t\u00e9 OVH SAS. Propri\u00e9t\u00e9 intellectuelle L&rsquo;ensemble des contenus pr\u00e9sents sur ce site (textes, images, logos, graphismes) est la propri\u00e9t\u00e9 exclusive de RENOVE TOITURE, sauf mention contraire. Toute reproduction, distribution [&hellip;]\" \/>\n<meta property=\"og:url\" content=\"https:\/\/renove-toitures.fr\/index.php\/mentions-legales\/\" \/>\n<meta property=\"og:site_name\" content=\"Renove toiture\" \/>\n<meta property=\"article:modified_time\" content=\"2026-02-09T15:02:57+00:00\" \/>\n<meta name=\"twitter:card\" content=\"summary_large_image\" \/>\n<meta name=\"twitter:label1\" content=\"Dur\u00e9e de lecture estim\u00e9e\" \/>\n\t<meta name=\"twitter:data1\" content=\"1 minute\" \/>\n<script type=\"application\/ld+json\" class=\"yoast-schema-graph\">{\"@context\":\"https:\/\/schema.org\",\"@graph\":[{\"@type\":\"WebPage\",\"@id\":\"https:\/\/renove-toitures.fr\/index.php\/mentions-legales\/\",\"url\":\"https:\/\/renove-toitures.fr\/index.php\/mentions-legales\/\",\"name\":\"Mentions L\u00e9gales - Renove toiture\",\"isPartOf\":{\"@id\":\"https:\/\/renove-toitures.fr\/#website\"},\"datePublished\":\"2026-02-09T15:01:01+00:00\",\"dateModified\":\"2026-02-09T15:02:57+00:00\",\"breadcrumb\":{\"@id\":\"https:\/\/renove-toitures.fr\/index.php\/mentions-legales\/#breadcrumb\"},\"inLanguage\":\"fr-FR\",\"potentialAction\":[{\"@type\":\"ReadAction\",\"target\":[\"https:\/\/renove-toitures.fr\/index.php\/mentions-legales\/\"]}]},{\"@type\":\"BreadcrumbList\",\"@id\":\"https:\/\/renove-toitures.fr\/index.php\/mentions-legales\/#breadcrumb\",\"itemListElement\":[{\"@type\":\"ListItem\",\"position\":1,\"name\":\"Accueil\",\"item\":\"https:\/\/renove-toitures.fr\/\"},{\"@type\":\"ListItem\",\"position\":2,\"name\":\"Mentions L\u00e9gales\"}]},{\"@type\":\"WebSite\",\"@id\":\"https:\/\/renove-toitures.fr\/#website\",\"url\":\"https:\/\/renove-toitures.fr\/\",\"name\":\"Renove toiture\",\"description\":\"RENOVE TOITURE, des toits durables, un savoir-faire fiable\",\"publisher\":{\"@id\":\"https:\/\/renove-toitures.fr\/#organization\"},\"potentialAction\":[{\"@type\":\"SearchAction\",\"target\":{\"@type\":\"EntryPoint\",\"urlTemplate\":\"https:\/\/renove-toitures.fr\/?s={search_term_string}\"},\"query-input\":{\"@type\":\"PropertyValueSpecification\",\"valueRequired\":true,\"valueName\":\"search_term_string\"}}],\"inLanguage\":\"fr-FR\"},{\"@type\":\"Organization\",\"@id\":\"https:\/\/renove-toitures.fr\/#organization\",\"name\":\"Renove toiture\",\"url\":\"https:\/\/renove-toitures.fr\/\",\"logo\":{\"@type\":\"ImageObject\",\"inLanguage\":\"fr-FR\",\"@id\":\"https:\/\/renove-toitures.fr\/#\/schema\/logo\/image\/\",\"url\":\"https:\/\/renove-toitures.fr\/wp-content\/uploads\/2026\/01\/Logo-elegant-pour-Renove-Toiture.png\",\"contentUrl\":\"https:\/\/renove-toitures.fr\/wp-content\/uploads\/2026\/01\/Logo-elegant-pour-Renove-Toiture.png\",\"width\":1024,\"height\":1024,\"caption\":\"Renove toiture\"},\"image\":{\"@id\":\"https:\/\/renove-toitures.fr\/#\/schema\/logo\/image\/\"}}]}<\/script>\n<!-- \/ Yoast SEO plugin. -->","yoast_head_json":{"title":"Mentions L\u00e9gales - Renove toiture","robots":{"index":"index","follow":"follow","max-snippet":"max-snippet:-1","max-image-preview":"max-image-preview:large","max-video-preview":"max-video-preview:-1"},"canonical":"https:\/\/renove-toitures.fr\/index.php\/mentions-legales\/","og_locale":"fr_FR","og_type":"article","og_title":"Mentions L\u00e9gales - Renove toiture","og_description":"Mentions L\u00e9gales \u00c9diteur du site Le pr\u00e9sent site web, accessible \u00e0 l\u2019adresse www.renove-toitures.fr, est \u00e9dit\u00e9 par l\u2019entreprise RENOVE TOITURE. H\u00e9bergement Le site est h\u00e9berg\u00e9 par la soci\u00e9t\u00e9 OVH SAS. Propri\u00e9t\u00e9 intellectuelle L&rsquo;ensemble des contenus pr\u00e9sents sur ce site (textes, images, logos, graphismes) est la propri\u00e9t\u00e9 exclusive de RENOVE TOITURE, sauf mention contraire. Toute reproduction, distribution [&hellip;]","og_url":"https:\/\/renove-toitures.fr\/index.php\/mentions-legales\/","og_site_name":"Renove toiture","article_modified_time":"2026-02-09T15:02:57+00:00","twitter_card":"summary_large_image","twitter_misc":{"Dur\u00e9e de lecture estim\u00e9e":"1 minute"},"schema":{"@context":"https:\/\/schema.org","@graph":[{"@type":"WebPage","@id":"https:\/\/renove-toitures.fr\/index.php\/mentions-legales\/","url":"https:\/\/renove-toitures.fr\/index.php\/mentions-legales\/","name":"Mentions L\u00e9gales - Renove toiture","isPartOf":{"@id":"https:\/\/renove-toitures.fr\/#website"},"datePublished":"2026-02-09T15:01:01+00:00","dateModified":"2026-02-09T15:02:57+00:00","breadcrumb":{"@id":"https:\/\/renove-toitures.fr\/index.php\/mentions-legales\/#breadcrumb"},"inLanguage":"fr-FR","potentialAction":[{"@type":"ReadAction","target":["https:\/\/renove-toitures.fr\/index.php\/mentions-legales\/"]}]},{"@type":"BreadcrumbList","@id":"https:\/\/renove-toitures.fr\/index.php\/mentions-legales\/#breadcrumb","itemListElement":[{"@type":"ListItem","position":1,"name":"Accueil","item":"https:\/\/renove-toitures.fr\/"},{"@type":"ListItem","position":2,"name":"Mentions L\u00e9gales"}]},{"@type":"WebSite","@id":"https:\/\/renove-toitures.fr\/#website","url":"https:\/\/renove-toitures.fr\/","name":"Renove toiture","description":"RENOVE TOITURE, des toits durables, un savoir-faire fiable","publisher":{"@id":"https:\/\/renove-toitures.fr\/#organization"},"potentialAction":[{"@type":"SearchAction","target":{"@type":"EntryPoint","urlTemplate":"https:\/\/renove-toitures.fr\/?s={search_term_string}"},"query-input":{"@type":"PropertyValueSpecification","valueRequired":true,"valueName":"search_term_string"}}],"inLanguage":"fr-FR"},{"@type":"Organization","@id":"https:\/\/renove-toitures.fr\/#organization","name":"Renove toiture","url":"https:\/\/renove-toitures.fr\/","logo":{"@type":"ImageObject","inLanguage":"fr-FR","@id":"https:\/\/renove-toitures.fr\/#\/schema\/logo\/image\/","url":"https:\/\/renove-toitures.fr\/wp-content\/uploads\/2026\/01\/Logo-elegant-pour-Renove-Toiture.png","contentUrl":"https:\/\/renove-toitures.fr\/wp-content\/uploads\/2026\/01\/Logo-elegant-pour-Renove-Toiture.png","width":1024,"height":1024,"caption":"Renove toiture"},"image":{"@id":"https:\/\/renove-toitures.fr\/#\/schema\/logo\/image\/"}}]}},"_links":{"self":[{"href":"https:\/\/renove-toitures.fr\/index.php\/wp-json\/wp\/v2\/pages\/145","targetHints":{"allow":["GET"]}}],"collection":[{"href":"https:\/\/renove-toitures.fr\/index.php\/wp-json\/wp\/v2\/pages"}],"about":[{"href":"https:\/\/renove-toitures.fr\/index.php\/wp-json\/wp\/v2\/types\/page"}],"author":[{"embeddable":true,"href":"https:\/\/renove-toitures.fr\/index.php\/wp-json\/wp\/v2\/users\/1"}],"replies":[{"embeddable":true,"href":"https:\/\/renove-toitures.fr\/index.php\/wp-json\/wp\/v2\/comments?post=145"}],"version-history":[{"count":3,"href":"https:\/\/renove-toitures.fr\/index.php\/wp-json\/wp\/v2\/pages\/145\/revisions"}],"predecessor-version":[{"id":152,"href":"https:\/\/renove-toitures.fr\/index.php\/wp-json\/wp\/v2\/pages\/145\/revisions\/152"}],"wp:attachment":[{"href":"https:\/\/renove-toitures.fr\/index.php\/wp-json\/wp\/v2\/media?parent=145"}],"curies":[{"name":"wp","href":"https:\/\/api.w.org\/{rel}","templated":true}]}}