{"id":18,"date":"2026-02-08T18:36:34","date_gmt":"2026-02-08T18:36:34","guid":{"rendered":"http:\/\/renove-toitures.fr\/?page_id=18"},"modified":"2026-02-09T18:09:51","modified_gmt":"2026-02-09T18:09:51","slug":"travaux-couverture-saint-fargeau-ponthierry","status":"publish","type":"page","link":"https:\/\/renove-toitures.fr\/index.php\/travaux-couverture-saint-fargeau-ponthierry\/","title":{"rendered":"Travaux de couverture"},"content":{"rendered":"\n<div class=\"wp-block-cover alignfull\" style=\"min-height:452px;aspect-ratio:unset;\"><img loading=\"lazy\" decoding=\"async\" width=\"600\" height=\"400\" class=\"wp-block-cover__image-background wp-image-79 size-full\" alt=\"\" src=\"https:\/\/renove-toitures.fr\/wp-content\/uploads\/2026\/02\/IMG_2082.jpg\" data-object-fit=\"cover\" srcset=\"https:\/\/renove-toitures.fr\/wp-content\/uploads\/2026\/02\/IMG_2082.jpg 600w, https:\/\/renove-toitures.fr\/wp-content\/uploads\/2026\/02\/IMG_2082-300x200.jpg 300w\" sizes=\"auto, (max-width: 600px) 100vw, 600px\" \/><span aria-hidden=\"true\" class=\"wp-block-cover__background has-background-dim\" style=\"background-color:#6e6867\"><\/span><div class=\"wp-block-cover__inner-container has-global-padding is-layout-constrained wp-container-core-cover-is-layout-4383d167 wp-block-cover-is-layout-constrained\">\n<h2 class=\"wp-block-heading has-text-align-center has-text-color has-link-color has-suranna-font-family wp-elements-e0d56cb425f1504a324752fdbdbeabdf\" style=\"color:#ffffff;font-size:clamp(24.034px, 1.502rem + ((1vw - 3.2px) * 1.814), 40px);font-style:normal;font-weight:500\">Travaux de couverture \u00e0 Saint-Fargeau-Ponthierry (77)<\/h2>\n\n\n\n<p>Nous nous d\u00e9pla\u00e7ons rapidement dans un rayon de 20km autour de Saint-Fargeau : <strong>Dammarie-les-Lys, Pringy, Boissise-le-Roi, Seine-Port, et Melun<\/strong>. Nous respectons les r\u00e8gles d&rsquo;urbanisme locales pour que votre ravalement soit conforme aux exigences de votre commune.<\/p>\n<\/div><\/div>\n\n\n\n<div class=\"wp-block-group alignfull has-global-padding is-layout-constrained wp-container-core-group-is-layout-4383d167 wp-block-group-is-layout-constrained\">\n<div class=\"wp-block-group alignwide has-global-padding is-layout-constrained wp-container-core-group-is-layout-a62fa364 wp-block-group-is-layout-constrained\" style=\"margin-top:0;margin-bottom:0;padding-top:0px;padding-bottom:0px\">\n<div class=\"wp-block-columns alignwide is-layout-flex wp-container-core-columns-is-layout-9cf8123d wp-block-columns-is-layout-flex\">\n<div class=\"wp-block-column is-layout-flow wp-block-column-is-layout-flow\">\n<figure class=\"wp-block-image size-full\"><img loading=\"lazy\" decoding=\"async\" width=\"600\" height=\"400\" src=\"https:\/\/renove-toitures.fr\/wp-content\/uploads\/2026\/02\/IMG_2082-1.jpg\" alt=\"\" class=\"wp-image-86\" style=\"aspect-ratio:4\/3;object-fit:cover\" srcset=\"https:\/\/renove-toitures.fr\/wp-content\/uploads\/2026\/02\/IMG_2082-1.jpg 600w, https:\/\/renove-toitures.fr\/wp-content\/uploads\/2026\/02\/IMG_2082-1-300x200.jpg 300w\" sizes=\"auto, (max-width: 600px) 100vw, 600px\" \/><\/figure>\n<\/div>\n\n\n\n<div class=\"wp-block-column is-vertically-aligned-center is-layout-flow wp-block-column-is-layout-flow\" style=\"padding-left:15px\">\n<h2 class=\"wp-block-heading has-text-color has-link-color has-suranna-font-family wp-elements-fa40b36d63ecfeceffb330271f0e1450\" style=\"color:#000000;font-size:clamp(24.034px, 1.502rem + ((1vw - 3.2px) * 1.814), 40px);font-style:normal;font-weight:500;line-height:1\">Travaux de couverture tous mat\u00e9riaux \u2013 Couvreur expert en Seine-et-Marne<\/h2>\n\n\n\n<p class=\"has-text-color has-link-color has-outfit-font-family wp-elements-2920fc6a04b608f446d2609a6e9c9257\" style=\"color:#000000;font-size:clamp(14px, 0.875rem + ((1vw - 3.2px) * 0.455), 18px);font-style:normal;font-weight:400\">RENOVE TOITURE est votre&nbsp;<strong>entreprise de couverture \u00e0 Saint-Fargeau-Ponthierry (77)<\/strong>&nbsp;sp\u00e9cialis\u00e9e dans les travaux de toiture en neuf et en r\u00e9novation. Nous intervenons sur tous types de b\u00e2timents : maisons individuelles, immeubles, locaux professionnels et b\u00e2timents anciens.<\/p>\n\n\n\n<p>Nos&nbsp;<strong>travaux de couverture<\/strong>&nbsp;comprennent :<\/p>\n\n\n\n<ul class=\"wp-block-list\">\n<li>R\u00e9fection de fa\u00eetage, ar\u00eatiers et rives<\/li>\n\n\n\n<li>Pose de toiture neuve tous mat\u00e9riaux<\/li>\n\n\n\n<li>Remplacement complet de couverture<\/li>\n\n\n\n<li>R\u00e9paration de toiture apr\u00e8s fuite ou intemp\u00e9ries<\/li>\n\n\n\n<li>Remplacement de tuiles cass\u00e9es ou envol\u00e9es<\/li>\n\n\n\n<li>\u00c9tanch\u00e9it\u00e9 de toiture et points singuliers<\/li>\n<\/ul>\n\n\n\n<div class=\"wp-block-buttons is-content-justification-center is-layout-flex wp-container-core-buttons-is-layout-a89b3969 wp-block-buttons-is-layout-flex\">\n<div class=\"wp-block-button\"><a class=\"wp-block-button__link has-text-color has-background has-link-color has-outfit-font-family has-custom-font-size wp-element-button\" href=\"https:\/\/renove-toitures.fr\/index.php\/contact\/\" style=\"border-radius:0px;color:#ffffff;background-color:#528d8e;padding-top:8px;padding-right:60px;padding-bottom:8px;padding-left:60px;font-size:clamp(14px, 0.875rem + ((1vw - 3.2px) * 0.455), 18px);\">Devis Gratuit<\/a><\/div>\n<\/div>\n<\/div>\n<\/div>\n\n\n\n<div class=\"wp-block-columns alignwide is-layout-flex wp-container-core-columns-is-layout-24b108c2 wp-block-columns-is-layout-flex\" style=\"padding-top:1px;padding-bottom:1px\">\n<div class=\"wp-block-column is-vertically-aligned-center is-layout-flow wp-block-column-is-layout-flow\" style=\"padding-right:15px\">\n<h2 class=\"wp-block-heading has-text-color has-link-color has-suranna-font-family wp-elements-0b4e1fac3d6c16277841a069a4c57e7a\" style=\"color:#000000;font-size:clamp(24.034px, 1.502rem + ((1vw - 3.2px) * 1.814), 40px);font-style:normal;font-weight:500;line-height:1\">Travaux de Couverture \u00e0 Saint-Fargeau-Ponthierry : Qualit\u00e9 et Durabilit\u00e9<\/h2>\n\n\n\n<p class=\"has-text-color has-link-color has-outfit-font-family wp-elements-3cc8b8bc15b7bf5a975881ac3497ec60\" style=\"color:#000000;font-size:clamp(14px, 0.875rem + ((1vw - 3.2px) * 0.455), 18px);font-style:normal;font-weight:400\">La toiture est le premier rempart de votre maison contre les intemp\u00e9ries. Chez <strong>RENOVE TOITURE<\/strong>, nous ma\u00eetrisons toutes les techniques de pose pour garantir une \u00e9tanch\u00e9it\u00e9 parfaite et une esth\u00e9tique irr\u00e9prochable.<\/p>\n\n\n\n<p>Nous intervenons sur tous types de mat\u00e9riaux adapt\u00e9s au climat de la Seine-et-Marne :<\/p>\n\n\n\n<ul class=\"wp-block-list\">\n<li><strong>Toiture en tuiles terre cuite ou b\u00e9ton :<\/strong> Le charme traditionnel du 77.<\/li>\n\n\n\n<li><strong>Toiture en ardoise :<\/strong> Pour une \u00e9l\u00e9gance durable.<\/li>\n\n\n\n<li><strong>Toiture zinc :<\/strong> Modernit\u00e9 et long\u00e9vit\u00e9 exceptionnelle.<\/li>\n<\/ul>\n\n\n\n<div class=\"wp-block-buttons is-content-justification-center is-layout-flex wp-container-core-buttons-is-layout-a89b3969 wp-block-buttons-is-layout-flex\">\n<div class=\"wp-block-button\"><a class=\"wp-block-button__link has-text-color has-background has-link-color has-outfit-font-family has-custom-font-size wp-element-button\" href=\"https:\/\/renove-toitures.fr\/index.php\/contact\/\" style=\"border-radius:0px;color:#ffffff;background-color:#528d8e;padding-top:8px;padding-right:60px;padding-bottom:8px;padding-left:60px;font-size:clamp(14px, 0.875rem + ((1vw - 3.2px) * 0.455), 18px);\">Contactez-nous<\/a><\/div>\n<\/div>\n<\/div>\n\n\n\n<div class=\"wp-block-column is-layout-flow wp-block-column-is-layout-flow\">\n<figure class=\"wp-block-image size-full\"><img loading=\"lazy\" decoding=\"async\" width=\"736\" height=\"981\" src=\"https:\/\/renove-toitures.fr\/wp-content\/uploads\/2026\/02\/17.jpeg\" alt=\"\" class=\"wp-image-44\" style=\"aspect-ratio:4\/3;object-fit:cover\" srcset=\"https:\/\/renove-toitures.fr\/wp-content\/uploads\/2026\/02\/17.jpeg 736w, https:\/\/renove-toitures.fr\/wp-content\/uploads\/2026\/02\/17-225x300.jpeg 225w\" sizes=\"auto, (max-width: 736px) 100vw, 736px\" \/><\/figure>\n<\/div>\n<\/div>\n\n\n\n<div class=\"wp-block-columns alignwide is-layout-flex wp-container-core-columns-is-layout-9cf8123d wp-block-columns-is-layout-flex\">\n<div class=\"wp-block-column is-layout-flow wp-block-column-is-layout-flow\">\n<figure class=\"wp-block-image size-full\"><img loading=\"lazy\" decoding=\"async\" width=\"736\" height=\"460\" src=\"https:\/\/renove-toitures.fr\/wp-content\/uploads\/2026\/02\/Nettoyage-de-toiture-par-renove-toiture-a-saint-fargeau-77.jpeg\" alt=\"\" class=\"wp-image-186\" style=\"aspect-ratio:4\/3;object-fit:cover\" srcset=\"https:\/\/renove-toitures.fr\/wp-content\/uploads\/2026\/02\/Nettoyage-de-toiture-par-renove-toiture-a-saint-fargeau-77.jpeg 736w, https:\/\/renove-toitures.fr\/wp-content\/uploads\/2026\/02\/Nettoyage-de-toiture-par-renove-toiture-a-saint-fargeau-77-300x188.jpeg 300w\" sizes=\"auto, (max-width: 736px) 100vw, 736px\" \/><\/figure>\n<\/div>\n\n\n\n<div class=\"wp-block-column is-vertically-aligned-center is-layout-flow wp-block-column-is-layout-flow\" style=\"padding-left:15px\">\n<h2 class=\"wp-block-heading has-text-color has-link-color has-suranna-font-family wp-elements-69bf268f7b0adbb5c0a6e9d1af0bdaa1\" style=\"color:#000000;font-size:clamp(24.034px, 1.502rem + ((1vw - 3.2px) * 1.814), 40px);font-style:normal;font-weight:500;line-height:1\">Entretien et D\u00e9moussage de toiture<\/h2>\n\n\n\n<p class=\"has-text-color has-link-color has-outfit-font-family wp-elements-771fb12f341bee2e8847bb4a34581422\" style=\"color:#000000;font-size:clamp(14px, 0.875rem + ((1vw - 3.2px) * 0.455), 18px);font-style:normal;font-weight:400\">Ne laissez pas les mousses et lichens fragiliser vos tuiles. Nous proposons des forfaits de nettoyage haute pression et traitement hydrofuge pour prolonger la vie de votre toit \u00e0 Saint-Fargeau et ses environs.<\/p>\n<\/div>\n<\/div>\n<\/div>\n<\/div>\n\n\n\n<section class=\"wp-block-cover alignfull is-light\" style=\"margin-top:0px;padding-top:1.01rem;padding-bottom:1.01rem;min-height:750px;aspect-ratio:unset;\"><img loading=\"lazy\" decoding=\"async\" width=\"800\" height=\"798\" class=\"wp-block-cover__image-background wp-image-76 size-full\" alt=\"\" src=\"https:\/\/renove-toitures.fr\/wp-content\/uploads\/2026\/02\/IMG_2094-1.jpg\" data-object-fit=\"cover\" srcset=\"https:\/\/renove-toitures.fr\/wp-content\/uploads\/2026\/02\/IMG_2094-1.jpg 800w, https:\/\/renove-toitures.fr\/wp-content\/uploads\/2026\/02\/IMG_2094-1-300x300.jpg 300w, https:\/\/renove-toitures.fr\/wp-content\/uploads\/2026\/02\/IMG_2094-1-150x150.jpg 150w, https:\/\/renove-toitures.fr\/wp-content\/uploads\/2026\/02\/IMG_2094-1-768x766.jpg 768w\" sizes=\"auto, (max-width: 800px) 100vw, 800px\" \/><span aria-hidden=\"true\" class=\"wp-block-cover__background has-background-dim-0 has-background-dim\" style=\"background-color:#edf1f2\"><\/span><div class=\"wp-block-cover__inner-container has-global-padding is-layout-constrained wp-container-core-cover-is-layout-08e95c49 wp-block-cover-is-layout-constrained\">\n<div class=\"wp-block-group is-vertical is-content-justification-center is-nowrap is-layout-flex wp-container-core-group-is-layout-36c4bdba wp-block-group-is-layout-flex\" style=\"margin-top:0px;padding-top:0rem;padding-right:1rem;padding-bottom:0rem;padding-left:1rem;font-size:clamp(0.875rem, 0.875rem + ((1vw - 0.2rem) * 0.464), 1.13rem);font-style:normal;font-weight:400;line-height:1.4\">\n<div class=\"wp-block-group has-background has-global-padding is-layout-constrained wp-container-core-group-is-layout-1a95df51 wp-block-group-is-layout-constrained\" style=\"background-color:#fffffd;padding-top:4.21rem;padding-right:2.51rem;padding-bottom:4.51rem;padding-left:2.51rem\">\n<h2 class=\"wp-block-heading has-text-align-center has-text-color\" style=\"color:#010101;margin-bottom:0rem;font-size:clamp(1.888rem, 1.888rem + ((1vw - 0.2rem) * 2.585), 3.31rem);font-style:normal;font-weight:400;line-height:1.2\">Une urgence!<\/h2>\n\n\n\n<p class=\"has-text-align-center has-text-color\" style=\"color:#010101;font-size:clamp(0.875rem, 0.875rem + ((1vw - 0.2rem) * 0.609), 1.21rem);line-height:1.5\">Besoin d\u2019un diagnostic gratuit ? <\/p>\n\n\n\n<p class=\"has-text-align-center has-text-color\" style=\"color:#010101;font-size:clamp(0.875rem, 0.875rem + ((1vw - 0.2rem) * 0.609), 1.21rem);line-height:1.5\">Appelez le : <a href=\"tel:0650875483\">06 50 87 54 83<\/a><\/p>\n<\/div>\n<\/div>\n<\/div><\/section>\n","protected":false},"excerpt":{"rendered":"<p>Travaux de couverture tous mat\u00e9riaux \u2013 Couvreur expert en Seine-et-Marne RENOVE TOITURE est votre&nbsp;entreprise de couverture \u00e0 Saint-Fargeau-Ponthierry (77)&nbsp;sp\u00e9cialis\u00e9e dans les travaux de toiture en neuf et en r\u00e9novation. Nous intervenons sur tous types de b\u00e2timents : maisons individuelles, immeubles, locaux professionnels et b\u00e2timents anciens. Nos&nbsp;travaux de couverture&nbsp;comprennent : Travaux de Couverture \u00e0 Saint-Fargeau-Ponthierry : [&hellip;]<\/p>\n","protected":false},"author":1,"featured_media":0,"parent":0,"menu_order":0,"comment_status":"closed","ping_status":"closed","template":"","meta":{"footnotes":""},"class_list":["post-18","page","type-page","status-publish","hentry"],"yoast_head":"<!-- This site is optimized with the Yoast SEO plugin v26.9 - https:\/\/yoast.com\/product\/yoast-seo-wordpress\/ -->\n<title>Travaux de couverture - Renove toiture<\/title>\n<meta name=\"description\" content=\"RENOVE TOITURE r\u00e9alise vos travaux de couverture \u00e0 Saint-Fargeau-Ponthierry. Pose de tuiles, ardoises, nettoyage et d\u00e9moussage. Expert local 77.\" \/>\n<meta name=\"robots\" content=\"index, follow, max-snippet:-1, max-image-preview:large, max-video-preview:-1\" \/>\n<link rel=\"canonical\" href=\"https:\/\/renove-toitures.fr\/index.php\/travaux-couverture-saint-fargeau-ponthierry\/\" \/>\n<meta property=\"og:locale\" content=\"fr_FR\" \/>\n<meta property=\"og:type\" content=\"article\" \/>\n<meta property=\"og:title\" content=\"Travaux de couverture - Renove toiture\" \/>\n<meta property=\"og:description\" content=\"RENOVE TOITURE r\u00e9alise vos travaux de couverture \u00e0 Saint-Fargeau-Ponthierry. Pose de tuiles, ardoises, nettoyage et d\u00e9moussage. Expert local 77.\" \/>\n<meta property=\"og:url\" content=\"https:\/\/renove-toitures.fr\/index.php\/travaux-couverture-saint-fargeau-ponthierry\/\" \/>\n<meta property=\"og:site_name\" content=\"Renove toiture\" \/>\n<meta property=\"article:modified_time\" content=\"2026-02-09T18:09:51+00:00\" \/>\n<meta property=\"og:image\" content=\"http:\/\/renove-toitures.fr\/wp-content\/uploads\/2026\/02\/IMG_2082.jpg\" \/>\n<meta name=\"twitter:card\" content=\"summary_large_image\" \/>\n<meta name=\"twitter:label1\" content=\"Dur\u00e9e de lecture estim\u00e9e\" \/>\n\t<meta name=\"twitter:data1\" content=\"3 minutes\" \/>\n<script type=\"application\/ld+json\" class=\"yoast-schema-graph\">{\"@context\":\"https:\/\/schema.org\",\"@graph\":[{\"@type\":\"WebPage\",\"@id\":\"https:\/\/renove-toitures.fr\/index.php\/travaux-couverture-saint-fargeau-ponthierry\/\",\"url\":\"https:\/\/renove-toitures.fr\/index.php\/travaux-couverture-saint-fargeau-ponthierry\/\",\"name\":\"Travaux de couverture - Renove toiture\",\"isPartOf\":{\"@id\":\"https:\/\/renove-toitures.fr\/#website\"},\"primaryImageOfPage\":{\"@id\":\"https:\/\/renove-toitures.fr\/index.php\/travaux-couverture-saint-fargeau-ponthierry\/#primaryimage\"},\"image\":{\"@id\":\"https:\/\/renove-toitures.fr\/index.php\/travaux-couverture-saint-fargeau-ponthierry\/#primaryimage\"},\"thumbnailUrl\":\"http:\/\/renove-toitures.fr\/wp-content\/uploads\/2026\/02\/IMG_2082.jpg\",\"datePublished\":\"2026-02-08T18:36:34+00:00\",\"dateModified\":\"2026-02-09T18:09:51+00:00\",\"description\":\"RENOVE TOITURE r\u00e9alise vos travaux de couverture \u00e0 Saint-Fargeau-Ponthierry. Pose de tuiles, ardoises, nettoyage et d\u00e9moussage. Expert local 77.\",\"breadcrumb\":{\"@id\":\"https:\/\/renove-toitures.fr\/index.php\/travaux-couverture-saint-fargeau-ponthierry\/#breadcrumb\"},\"inLanguage\":\"fr-FR\",\"potentialAction\":[{\"@type\":\"ReadAction\",\"target\":[\"https:\/\/renove-toitures.fr\/index.php\/travaux-couverture-saint-fargeau-ponthierry\/\"]}]},{\"@type\":\"ImageObject\",\"inLanguage\":\"fr-FR\",\"@id\":\"https:\/\/renove-toitures.fr\/index.php\/travaux-couverture-saint-fargeau-ponthierry\/#primaryimage\",\"url\":\"http:\/\/renove-toitures.fr\/wp-content\/uploads\/2026\/02\/IMG_2082.jpg\",\"contentUrl\":\"http:\/\/renove-toitures.fr\/wp-content\/uploads\/2026\/02\/IMG_2082.jpg\"},{\"@type\":\"BreadcrumbList\",\"@id\":\"https:\/\/renove-toitures.fr\/index.php\/travaux-couverture-saint-fargeau-ponthierry\/#breadcrumb\",\"itemListElement\":[{\"@type\":\"ListItem\",\"position\":1,\"name\":\"Accueil\",\"item\":\"https:\/\/renove-toitures.fr\/\"},{\"@type\":\"ListItem\",\"position\":2,\"name\":\"Travaux de couverture\"}]},{\"@type\":\"WebSite\",\"@id\":\"https:\/\/renove-toitures.fr\/#website\",\"url\":\"https:\/\/renove-toitures.fr\/\",\"name\":\"Renove toiture\",\"description\":\"RENOVE TOITURE, des toits durables, un savoir-faire fiable\",\"publisher\":{\"@id\":\"https:\/\/renove-toitures.fr\/#organization\"},\"potentialAction\":[{\"@type\":\"SearchAction\",\"target\":{\"@type\":\"EntryPoint\",\"urlTemplate\":\"https:\/\/renove-toitures.fr\/?s={search_term_string}\"},\"query-input\":{\"@type\":\"PropertyValueSpecification\",\"valueRequired\":true,\"valueName\":\"search_term_string\"}}],\"inLanguage\":\"fr-FR\"},{\"@type\":\"Organization\",\"@id\":\"https:\/\/renove-toitures.fr\/#organization\",\"name\":\"Renove toiture\",\"url\":\"https:\/\/renove-toitures.fr\/\",\"logo\":{\"@type\":\"ImageObject\",\"inLanguage\":\"fr-FR\",\"@id\":\"https:\/\/renove-toitures.fr\/#\/schema\/logo\/image\/\",\"url\":\"https:\/\/renove-toitures.fr\/wp-content\/uploads\/2026\/01\/Logo-elegant-pour-Renove-Toiture.png\",\"contentUrl\":\"https:\/\/renove-toitures.fr\/wp-content\/uploads\/2026\/01\/Logo-elegant-pour-Renove-Toiture.png\",\"width\":1024,\"height\":1024,\"caption\":\"Renove toiture\"},\"image\":{\"@id\":\"https:\/\/renove-toitures.fr\/#\/schema\/logo\/image\/\"}}]}<\/script>\n<!-- \/ Yoast SEO plugin. -->","yoast_head_json":{"title":"Travaux de couverture - Renove toiture","description":"RENOVE TOITURE r\u00e9alise vos travaux de couverture \u00e0 Saint-Fargeau-Ponthierry. Pose de tuiles, ardoises, nettoyage et d\u00e9moussage. Expert local 77.","robots":{"index":"index","follow":"follow","max-snippet":"max-snippet:-1","max-image-preview":"max-image-preview:large","max-video-preview":"max-video-preview:-1"},"canonical":"https:\/\/renove-toitures.fr\/index.php\/travaux-couverture-saint-fargeau-ponthierry\/","og_locale":"fr_FR","og_type":"article","og_title":"Travaux de couverture - Renove toiture","og_description":"RENOVE TOITURE r\u00e9alise vos travaux de couverture \u00e0 Saint-Fargeau-Ponthierry. Pose de tuiles, ardoises, nettoyage et d\u00e9moussage. Expert local 77.","og_url":"https:\/\/renove-toitures.fr\/index.php\/travaux-couverture-saint-fargeau-ponthierry\/","og_site_name":"Renove toiture","article_modified_time":"2026-02-09T18:09:51+00:00","og_image":[{"url":"http:\/\/renove-toitures.fr\/wp-content\/uploads\/2026\/02\/IMG_2082.jpg","type":"","width":"","height":""}],"twitter_card":"summary_large_image","twitter_misc":{"Dur\u00e9e de lecture estim\u00e9e":"3 minutes"},"schema":{"@context":"https:\/\/schema.org","@graph":[{"@type":"WebPage","@id":"https:\/\/renove-toitures.fr\/index.php\/travaux-couverture-saint-fargeau-ponthierry\/","url":"https:\/\/renove-toitures.fr\/index.php\/travaux-couverture-saint-fargeau-ponthierry\/","name":"Travaux de couverture - Renove toiture","isPartOf":{"@id":"https:\/\/renove-toitures.fr\/#website"},"primaryImageOfPage":{"@id":"https:\/\/renove-toitures.fr\/index.php\/travaux-couverture-saint-fargeau-ponthierry\/#primaryimage"},"image":{"@id":"https:\/\/renove-toitures.fr\/index.php\/travaux-couverture-saint-fargeau-ponthierry\/#primaryimage"},"thumbnailUrl":"http:\/\/renove-toitures.fr\/wp-content\/uploads\/2026\/02\/IMG_2082.jpg","datePublished":"2026-02-08T18:36:34+00:00","dateModified":"2026-02-09T18:09:51+00:00","description":"RENOVE TOITURE r\u00e9alise vos travaux de couverture \u00e0 Saint-Fargeau-Ponthierry. Pose de tuiles, ardoises, nettoyage et d\u00e9moussage. Expert local 77.","breadcrumb":{"@id":"https:\/\/renove-toitures.fr\/index.php\/travaux-couverture-saint-fargeau-ponthierry\/#breadcrumb"},"inLanguage":"fr-FR","potentialAction":[{"@type":"ReadAction","target":["https:\/\/renove-toitures.fr\/index.php\/travaux-couverture-saint-fargeau-ponthierry\/"]}]},{"@type":"ImageObject","inLanguage":"fr-FR","@id":"https:\/\/renove-toitures.fr\/index.php\/travaux-couverture-saint-fargeau-ponthierry\/#primaryimage","url":"http:\/\/renove-toitures.fr\/wp-content\/uploads\/2026\/02\/IMG_2082.jpg","contentUrl":"http:\/\/renove-toitures.fr\/wp-content\/uploads\/2026\/02\/IMG_2082.jpg"},{"@type":"BreadcrumbList","@id":"https:\/\/renove-toitures.fr\/index.php\/travaux-couverture-saint-fargeau-ponthierry\/#breadcrumb","itemListElement":[{"@type":"ListItem","position":1,"name":"Accueil","item":"https:\/\/renove-toitures.fr\/"},{"@type":"ListItem","position":2,"name":"Travaux de couverture"}]},{"@type":"WebSite","@id":"https:\/\/renove-toitures.fr\/#website","url":"https:\/\/renove-toitures.fr\/","name":"Renove toiture","description":"RENOVE TOITURE, des toits durables, un savoir-faire fiable","publisher":{"@id":"https:\/\/renove-toitures.fr\/#organization"},"potentialAction":[{"@type":"SearchAction","target":{"@type":"EntryPoint","urlTemplate":"https:\/\/renove-toitures.fr\/?s={search_term_string}"},"query-input":{"@type":"PropertyValueSpecification","valueRequired":true,"valueName":"search_term_string"}}],"inLanguage":"fr-FR"},{"@type":"Organization","@id":"https:\/\/renove-toitures.fr\/#organization","name":"Renove toiture","url":"https:\/\/renove-toitures.fr\/","logo":{"@type":"ImageObject","inLanguage":"fr-FR","@id":"https:\/\/renove-toitures.fr\/#\/schema\/logo\/image\/","url":"https:\/\/renove-toitures.fr\/wp-content\/uploads\/2026\/01\/Logo-elegant-pour-Renove-Toiture.png","contentUrl":"https:\/\/renove-toitures.fr\/wp-content\/uploads\/2026\/01\/Logo-elegant-pour-Renove-Toiture.png","width":1024,"height":1024,"caption":"Renove toiture"},"image":{"@id":"https:\/\/renove-toitures.fr\/#\/schema\/logo\/image\/"}}]}},"_links":{"self":[{"href":"https:\/\/renove-toitures.fr\/index.php\/wp-json\/wp\/v2\/pages\/18","targetHints":{"allow":["GET"]}}],"collection":[{"href":"https:\/\/renove-toitures.fr\/index.php\/wp-json\/wp\/v2\/pages"}],"about":[{"href":"https:\/\/renove-toitures.fr\/index.php\/wp-json\/wp\/v2\/types\/page"}],"author":[{"embeddable":true,"href":"https:\/\/renove-toitures.fr\/index.php\/wp-json\/wp\/v2\/users\/1"}],"replies":[{"embeddable":true,"href":"https:\/\/renove-toitures.fr\/index.php\/wp-json\/wp\/v2\/comments?post=18"}],"version-history":[{"count":14,"href":"https:\/\/renove-toitures.fr\/index.php\/wp-json\/wp\/v2\/pages\/18\/revisions"}],"predecessor-version":[{"id":245,"href":"https:\/\/renove-toitures.fr\/index.php\/wp-json\/wp\/v2\/pages\/18\/revisions\/245"}],"wp:attachment":[{"href":"https:\/\/renove-toitures.fr\/index.php\/wp-json\/wp\/v2\/media?parent=18"}],"curies":[{"name":"wp","href":"https:\/\/api.w.org\/{rel}","templated":true}]}}