{"id":20,"date":"2026-02-08T18:37:11","date_gmt":"2026-02-08T18:37:11","guid":{"rendered":"http:\/\/renove-toitures.fr\/?page_id=20"},"modified":"2026-02-09T17:58:35","modified_gmt":"2026-02-09T17:58:35","slug":"nettoyage-de-toiture-saint-fargeau-ponthierry-demoussage-traitement-77","status":"publish","type":"page","link":"https:\/\/renove-toitures.fr\/index.php\/nettoyage-de-toiture-saint-fargeau-ponthierry-demoussage-traitement-77\/","title":{"rendered":"Nettoyage et d\u00e9moussage de toiture"},"content":{"rendered":"\n<div class=\"wp-block-cover alignfull is-light\" style=\"min-height:350px;aspect-ratio:unset;\"><img loading=\"lazy\" decoding=\"async\" width=\"1024\" height=\"701\" class=\"wp-block-cover__image-background wp-image-90 size-full\" alt=\"\" src=\"https:\/\/renove-toitures.fr\/wp-content\/uploads\/2026\/02\/Demoussage-de-toiture.jpeg\" data-object-fit=\"cover\" srcset=\"https:\/\/renove-toitures.fr\/wp-content\/uploads\/2026\/02\/Demoussage-de-toiture.jpeg 1024w, https:\/\/renove-toitures.fr\/wp-content\/uploads\/2026\/02\/Demoussage-de-toiture-300x205.jpeg 300w, https:\/\/renove-toitures.fr\/wp-content\/uploads\/2026\/02\/Demoussage-de-toiture-768x526.jpeg 768w\" sizes=\"auto, (max-width: 1024px) 100vw, 1024px\" \/><span aria-hidden=\"true\" class=\"wp-block-cover__background has-background-dim-10 has-background-dim\" style=\"background-color:#a57a75\"><\/span><div class=\"wp-block-cover__inner-container has-global-padding is-layout-constrained wp-container-core-cover-is-layout-4383d167 wp-block-cover-is-layout-constrained\">\n<h2 class=\"wp-block-heading has-text-align-center has-text-color has-link-color has-suranna-font-family wp-elements-906b036fa613ffb4572bad5bfe29cfc2\" style=\"color:#ffffff;font-size:clamp(24.034px, 1.502rem + ((1vw - 3.2px) * 1.814), 40px);font-style:normal;font-weight:500\"><strong>Nettoyage et D\u00e9moussage de Toiture \u00e0 Saint-Fargeau-Ponthierry (77)<\/strong><\/h2>\n\n\n\n<p class=\"has-text-color has-link-color wp-elements-e5c4f977ce0cbe7687343a2adf730d20\" style=\"color:#f7f0f0\">Redonnez de l&rsquo;\u00e9clat \u00e0 votre toit ! RENOVE TOITURE assure le nettoyage, le d\u00e9moussage et le traitement hydrofuge de toiture \u00e0 Saint-Fargeau-Ponthierry et dans tout le 77. Devis gratuit au 06 50 87 54 83.<\/p>\n<\/div><\/div>\n\n\n\n<div class=\"wp-block-group alignfull has-global-padding is-layout-constrained wp-container-core-group-is-layout-2d4dec71 wp-block-group-is-layout-constrained\" style=\"margin-top:0;margin-bottom:0;padding-top:0;padding-bottom:0\">\n<div class=\"wp-block-group alignwide has-global-padding is-layout-constrained wp-container-core-group-is-layout-a62fa364 wp-block-group-is-layout-constrained\" style=\"margin-top:0;margin-bottom:0;padding-top:0px;padding-bottom:0px\">\n<div class=\"wp-block-columns alignwide is-layout-flex wp-container-core-columns-is-layout-9cf8123d wp-block-columns-is-layout-flex\">\n<div class=\"wp-block-column is-layout-flow wp-block-column-is-layout-flow\">\n<figure class=\"wp-block-image size-full\"><img loading=\"lazy\" decoding=\"async\" width=\"736\" height=\"460\" src=\"https:\/\/renove-toitures.fr\/wp-content\/uploads\/2026\/02\/Nettoyage-de-toiture-par-renove-toiture-a-saint-fargeau-77.jpeg\" alt=\"\" class=\"wp-image-186\" style=\"aspect-ratio:4\/3;object-fit:cover\" srcset=\"https:\/\/renove-toitures.fr\/wp-content\/uploads\/2026\/02\/Nettoyage-de-toiture-par-renove-toiture-a-saint-fargeau-77.jpeg 736w, https:\/\/renove-toitures.fr\/wp-content\/uploads\/2026\/02\/Nettoyage-de-toiture-par-renove-toiture-a-saint-fargeau-77-300x188.jpeg 300w\" sizes=\"auto, (max-width: 736px) 100vw, 736px\" \/><\/figure>\n<\/div>\n\n\n\n<div class=\"wp-block-column is-vertically-aligned-center is-layout-flow wp-block-column-is-layout-flow\" style=\"padding-left:15px\">\n<h2 class=\"wp-block-heading has-text-color has-link-color has-suranna-font-family wp-elements-d6edc361c61735bf456481109addba2a\" style=\"color:#000000;font-size:clamp(24.034px, 1.502rem + ((1vw - 3.2px) * 1.814), 40px);font-style:normal;font-weight:500;line-height:1\">Nettoyage et D\u00e9moussage de Toiture<\/h2>\n\n\n\n<p class=\"has-text-color has-link-color has-outfit-font-family wp-elements-69da34c358cb8c3413f26afad3c7af34\" style=\"color:#000000;font-size:clamp(14px, 0.875rem + ((1vw - 3.2px) * 0.455), 18px);font-style:normal;font-weight:400\">Votre toiture est couverte de mousses, de lichens ou de traces noires ? Au-del\u00e0 de l&rsquo;aspect esth\u00e9tique, ces v\u00e9g\u00e9taux retiennent l&rsquo;humidit\u00e9 et rendent vos tuiles poreuses, ce qui peut causer des fissures lors des gel\u00e9es en hiver.<\/p>\n\n\n\n<p class=\"has-text-color has-link-color has-outfit-font-family wp-elements-49e2b8000eb6cdef3c875b2cebb68a51\" style=\"color:#000000;font-size:clamp(14px, 0.875rem + ((1vw - 3.2px) * 0.455), 18px);font-style:normal;font-weight:400\"><strong>RENOVE TOITURE<\/strong>, expert local \u00e0 <strong>Saint-Fargeau-Ponthierry<\/strong>, intervient pour redonner une seconde jeunesse \u00e0 votre couverture et prolonger sa dur\u00e9e de vie sans avoir \u00e0 la remplacer.<\/p>\n\n\n\n<div class=\"wp-block-buttons is-content-justification-center is-layout-flex wp-container-core-buttons-is-layout-a89b3969 wp-block-buttons-is-layout-flex\">\n<div class=\"wp-block-button\"><a class=\"wp-block-button__link has-text-color has-background has-link-color has-outfit-font-family has-custom-font-size wp-element-button\" href=\"#\" style=\"border-radius:0px;color:#ffffff;background-color:#528d8e;padding-top:8px;padding-right:60px;padding-bottom:8px;padding-left:60px;font-size:clamp(14px, 0.875rem + ((1vw - 3.2px) * 0.455), 18px);\">Contact<\/a><\/div>\n<\/div>\n<\/div>\n<\/div>\n\n\n\n<div class=\"wp-block-columns alignwide is-layout-flex wp-container-core-columns-is-layout-e0c5407a wp-block-columns-is-layout-flex\" style=\"padding-top:6px;padding-bottom:6px\">\n<div class=\"wp-block-column is-vertically-aligned-center is-layout-flow wp-block-column-is-layout-flow\" style=\"padding-right:15px\">\n<h2 class=\"wp-block-heading has-text-color has-link-color has-suranna-font-family wp-elements-8a09b065996c47f4db690c9bc1801559\" style=\"color:#000000;font-size:clamp(24.034px, 1.502rem + ((1vw - 3.2px) * 1.814), 40px);font-style:normal;font-weight:500;line-height:1\">Notre protocole de nettoyage complet<\/h2>\n\n\n\n<p class=\"has-text-color has-link-color has-outfit-font-family wp-elements-ce13afa0f2698ed3622c9837f32e3600\" style=\"color:#000000;font-size:clamp(14px, 0.875rem + ((1vw - 3.2px) * 0.455), 18px);font-style:normal;font-weight:400\">Nous n&rsquo;utilisons pas de m\u00e9thodes agressives qui risquent d&rsquo;ab\u00eemer vos tuiles. Notre processus est rigoureux :<\/p>\n\n\n\n<ul class=\"wp-block-list\">\n<li><strong>V\u00e9rification des points d&rsquo;\u00e9tanch\u00e9it\u00e9 :<\/strong> Nous profitons du nettoyage pour v\u00e9rifier l&rsquo;\u00e9tat de vos fixations et de vos joints.<\/li>\n\n\n\n<li><strong>Nettoyage m\u00e9canique ou basse pression :<\/strong> \u00c9limination des mousses \u00e9paisses et des d\u00e9bris accumul\u00e9s dans les goutti\u00e8res.<\/li>\n\n\n\n<li><strong>Application d&rsquo;un traitement anti-mousse :<\/strong> Pulv\u00e9risation d&rsquo;un produit fongicide et algicide professionnel pour \u00e9liminer les racines en profondeur.<\/li>\n\n\n\n<li><strong>Traitement Hydrofuge (Optionnel mais conseill\u00e9) :<\/strong> Nous appliquons une protection qui imperm\u00e9abilise vos tuiles. L&rsquo;eau perle et glisse, emportant avec elle les impuret\u00e9s.<\/li>\n<\/ul>\n\n\n\n<div class=\"wp-block-buttons is-content-justification-center is-layout-flex wp-container-core-buttons-is-layout-a89b3969 wp-block-buttons-is-layout-flex\">\n<div class=\"wp-block-button\"><a class=\"wp-block-button__link has-text-color has-background has-link-color has-outfit-font-family has-custom-font-size wp-element-button\" href=\"https:\/\/renove-toitures.fr\/index.php\/contact\/\" style=\"border-radius:0px;color:#ffffff;background-color:#528d8e;padding-top:8px;padding-right:60px;padding-bottom:8px;padding-left:60px;font-size:clamp(14px, 0.875rem + ((1vw - 3.2px) * 0.455), 18px);\">Devis gratuit<\/a><\/div>\n<\/div>\n<\/div>\n\n\n\n<div class=\"wp-block-column is-layout-flow wp-block-column-is-layout-flow\">\n<figure class=\"wp-block-image size-full\"><img loading=\"lazy\" decoding=\"async\" width=\"600\" height=\"400\" src=\"https:\/\/renove-toitures.fr\/wp-content\/uploads\/2026\/02\/Nettoyage-de-toiture-RENOVE-TOITURE-77.jpeg\" alt=\"\" class=\"wp-image-187\" style=\"aspect-ratio:4\/3;object-fit:cover\" srcset=\"https:\/\/renove-toitures.fr\/wp-content\/uploads\/2026\/02\/Nettoyage-de-toiture-RENOVE-TOITURE-77.jpeg 600w, https:\/\/renove-toitures.fr\/wp-content\/uploads\/2026\/02\/Nettoyage-de-toiture-RENOVE-TOITURE-77-300x200.jpeg 300w\" sizes=\"auto, (max-width: 600px) 100vw, 600px\" \/><\/figure>\n<\/div>\n<\/div>\n\n\n\n<div class=\"wp-block-columns alignwide is-layout-flex wp-container-core-columns-is-layout-9cf8123d wp-block-columns-is-layout-flex\">\n<div class=\"wp-block-column is-layout-flow wp-block-column-is-layout-flow\">\n<figure class=\"wp-block-image size-full\"><img loading=\"lazy\" decoding=\"async\" width=\"640\" height=\"480\" src=\"https:\/\/renove-toitures.fr\/wp-content\/uploads\/2026\/02\/Traitement-hydrofuge-_-alternative-meconnue-a-la-depose-de-toiture.jpeg\" alt=\"\" class=\"wp-image-189\" style=\"aspect-ratio:4\/3;object-fit:cover\" srcset=\"https:\/\/renove-toitures.fr\/wp-content\/uploads\/2026\/02\/Traitement-hydrofuge-_-alternative-meconnue-a-la-depose-de-toiture.jpeg 640w, https:\/\/renove-toitures.fr\/wp-content\/uploads\/2026\/02\/Traitement-hydrofuge-_-alternative-meconnue-a-la-depose-de-toiture-300x225.jpeg 300w\" sizes=\"auto, (max-width: 640px) 100vw, 640px\" \/><\/figure>\n<\/div>\n\n\n\n<div class=\"wp-block-column is-vertically-aligned-center is-layout-flow wp-block-column-is-layout-flow\" style=\"padding-left:15px\">\n<h2 class=\"wp-block-heading has-text-color has-link-color has-suranna-font-family wp-elements-f78c314be0563e17a8e0107b2efb6f09\" style=\"color:#000000;font-size:clamp(24.034px, 1.502rem + ((1vw - 3.2px) * 1.814), 40px);font-style:normal;font-weight:500;line-height:1\">Les avantages d&rsquo;un entretien r\u00e9gulier en Seine-et-Marne<\/h2>\n\n\n\n<p class=\"has-text-color has-link-color has-outfit-font-family wp-elements-1fa0cbccff2903bad62a8df580c58fdc\" style=\"color:#000000;font-size:clamp(14px, 0.875rem + ((1vw - 3.2px) * 0.455), 18px);font-style:normal;font-weight:400\">Habiter pr\u00e8s de zones bois\u00e9es ou humides comme \u00e0 <strong>Seine-Port<\/strong> ou <strong>Pringy<\/strong> favorise l&rsquo;apparition de v\u00e9g\u00e9taux. Un nettoyage r\u00e9alis\u00e9 par un professionnel permet de :<\/p>\n\n\n\n<ul class=\"wp-block-list\">\n<li><strong>R\u00e9aliser des \u00e9conomies<\/strong> en \u00e9vitant une r\u00e9fection totale de toiture pr\u00e9matur\u00e9e.<\/li>\n\n\n\n<li><strong>\u00c9viter les infiltrations d&rsquo;eau<\/strong> dues \u00e0 la porosit\u00e9 des tuiles.<\/li>\n\n\n\n<li><strong>Valoriser votre patrimoine<\/strong> immobilier (crucial en cas de vente).<\/li>\n<\/ul>\n\n\n\n<div class=\"wp-block-buttons is-content-justification-center is-layout-flex wp-container-core-buttons-is-layout-fe1bbffc wp-block-buttons-is-layout-flex\" style=\"padding-top:var(--wp--preset--spacing--30);padding-bottom:var(--wp--preset--spacing--30)\">\n<div class=\"wp-block-button\"><a class=\"wp-block-button__link has-text-color has-background has-link-color has-outfit-font-family has-custom-font-size wp-element-button\" href=\"https:\/\/renove-toitures.fr\/index.php\/contact\/\" style=\"border-radius:0px;color:#ffffff;background-color:#528d8e;padding-top:8px;padding-right:60px;padding-bottom:8px;padding-left:60px;font-size:clamp(14px, 0.875rem + ((1vw - 3.2px) * 0.455), 18px);\">Contact<\/a><\/div>\n<\/div>\n<\/div>\n<\/div>\n<\/div>\n<\/div>\n\n\n\n<section class=\"wp-block-cover alignfull\" style=\"margin-top:0px;padding-top:1.4rem;padding-bottom:1.4rem;min-height:750px;aspect-ratio:unset;\"><img loading=\"lazy\" decoding=\"async\" width=\"736\" height=\"552\" class=\"wp-block-cover__image-background wp-image-194 size-full\" alt=\"\" src=\"https:\/\/renove-toitures.fr\/wp-content\/uploads\/2026\/02\/Roof-Cleaning-in-Northern-Virginia-_-Soft-Wash-Roof-Cleaning.jpeg\" data-object-fit=\"cover\" srcset=\"https:\/\/renove-toitures.fr\/wp-content\/uploads\/2026\/02\/Roof-Cleaning-in-Northern-Virginia-_-Soft-Wash-Roof-Cleaning.jpeg 736w, https:\/\/renove-toitures.fr\/wp-content\/uploads\/2026\/02\/Roof-Cleaning-in-Northern-Virginia-_-Soft-Wash-Roof-Cleaning-300x225.jpeg 300w\" sizes=\"auto, (max-width: 736px) 100vw, 736px\" \/><span aria-hidden=\"true\" class=\"wp-block-cover__background has-background-dim-0 has-background-dim\" style=\"background-color:#edf1f2\"><\/span><div class=\"wp-block-cover__inner-container has-global-padding is-layout-constrained wp-container-core-cover-is-layout-6108df18 wp-block-cover-is-layout-constrained\">\n<div class=\"wp-block-group is-vertical is-content-justification-center is-nowrap is-layout-flex wp-container-core-group-is-layout-36c4bdba wp-block-group-is-layout-flex\" style=\"margin-top:0px;padding-top:0rem;padding-right:1rem;padding-bottom:0rem;padding-left:1rem;font-size:clamp(0.875rem, 0.875rem + ((1vw - 0.2rem) * 0.464), 1.13rem);font-style:normal;font-weight:400;line-height:1.4\">\n<div class=\"wp-block-group has-background has-global-padding is-layout-constrained wp-container-core-group-is-layout-1a95df51 wp-block-group-is-layout-constrained\" style=\"background-color:#fffffd;padding-top:4.21rem;padding-right:2.51rem;padding-bottom:4.51rem;padding-left:2.51rem\">\n<h2 class=\"wp-block-heading has-text-align-center has-text-color\" style=\"color:#010101;margin-bottom:0rem;font-size:clamp(1.502rem, 1.502rem + ((1vw - 0.2rem) * 1.815), 2.5rem);font-style:normal;font-weight:400;line-height:1.2\">Pourquoi choisir RENOVE TOITURE pour votre d\u00e9moussage ?<\/h2>\n\n\n\n<p class=\"has-text-align-center has-text-color\" style=\"color:#010101;font-size:clamp(0.875rem, 0.875rem + ((1vw - 0.2rem) * 0.609), 1.21rem);line-height:1.5\">En tant que couvreurs de m\u00e9tier bas\u00e9s \u00e0 <strong>Saint-Fargeau-Ponthierry<\/strong>, nous ne nous contentons pas de \u00ab\u00a0laver\u00a0\u00bb votre toit. Nous montons sur la toiture avec un \u00e9quipement de s\u00e9curit\u00e9 adapt\u00e9 et nous connaissons parfaitement la fragilit\u00e9 des diff\u00e9rents mat\u00e9riaux (tuile m\u00e9canique, ardoise, b\u00e9ton).<\/p>\n\n\n\n<p class=\"has-text-align-center has-text-color\" style=\"color:#010101;font-size:clamp(0.875rem, 0.875rem + ((1vw - 0.2rem) * 0.609), 1.21rem);line-height:1.5\"><strong>Note de l&rsquo;expert :<\/strong> Attention aux produits \u00ab\u00a0miracle\u00a0\u00bb bas de gamme qui contiennent du chlore ou de la soude. Chez RENOVE TOITURE, nous utilisons des produits respectueux de vos mat\u00e9riaux et de l&rsquo;environnement.<\/p>\n<\/div>\n<\/div>\n<\/div><\/section>\n","protected":false},"excerpt":{"rendered":"<p>Nettoyage et D\u00e9moussage de Toiture Votre toiture est couverte de mousses, de lichens ou de traces noires ? Au-del\u00e0 de l&rsquo;aspect esth\u00e9tique, ces v\u00e9g\u00e9taux retiennent l&rsquo;humidit\u00e9 et rendent vos tuiles poreuses, ce qui peut causer des fissures lors des gel\u00e9es en hiver. RENOVE TOITURE, expert local \u00e0 Saint-Fargeau-Ponthierry, intervient pour redonner une seconde jeunesse \u00e0 [&hellip;]<\/p>\n","protected":false},"author":1,"featured_media":0,"parent":0,"menu_order":0,"comment_status":"closed","ping_status":"closed","template":"","meta":{"footnotes":""},"class_list":["post-20","page","type-page","status-publish","hentry"],"yoast_head":"<!-- This site is optimized with the Yoast SEO plugin v26.9 - https:\/\/yoast.com\/product\/yoast-seo-wordpress\/ -->\n<title>Nettoyage et d\u00e9moussage de toiture - Renove toiture<\/title>\n<meta name=\"description\" content=\"Redonnez de l&#039;\u00e9clat \u00e0 votre toit ! RENOVE TOITURE assure le nettoyage, le d\u00e9moussage et le traitement hydrofuge de toiture \u00e0 Saint-Fargeau-Ponthierry et dans tout le 77. Devis gratuit au 06 50 87 54 83.\" \/>\n<meta name=\"robots\" content=\"index, follow, max-snippet:-1, max-image-preview:large, max-video-preview:-1\" \/>\n<link rel=\"canonical\" href=\"https:\/\/renove-toitures.fr\/index.php\/nettoyage-de-toiture-saint-fargeau-ponthierry-demoussage-traitement-77\/\" \/>\n<meta property=\"og:locale\" content=\"fr_FR\" \/>\n<meta property=\"og:type\" content=\"article\" \/>\n<meta property=\"og:title\" content=\"Nettoyage et d\u00e9moussage de toiture - Renove toiture\" \/>\n<meta property=\"og:description\" content=\"Redonnez de l&#039;\u00e9clat \u00e0 votre toit ! RENOVE TOITURE assure le nettoyage, le d\u00e9moussage et le traitement hydrofuge de toiture \u00e0 Saint-Fargeau-Ponthierry et dans tout le 77. Devis gratuit au 06 50 87 54 83.\" \/>\n<meta property=\"og:url\" content=\"https:\/\/renove-toitures.fr\/index.php\/nettoyage-de-toiture-saint-fargeau-ponthierry-demoussage-traitement-77\/\" \/>\n<meta property=\"og:site_name\" content=\"Renove toiture\" \/>\n<meta property=\"article:modified_time\" content=\"2026-02-09T17:58:35+00:00\" \/>\n<meta property=\"og:image\" content=\"http:\/\/renove-toitures.fr\/wp-content\/uploads\/2026\/02\/Demoussage-de-toiture.jpeg\" \/>\n<meta name=\"twitter:card\" content=\"summary_large_image\" \/>\n<meta name=\"twitter:label1\" content=\"Dur\u00e9e de lecture estim\u00e9e\" \/>\n\t<meta name=\"twitter:data1\" content=\"3 minutes\" \/>\n<script type=\"application\/ld+json\" class=\"yoast-schema-graph\">{\"@context\":\"https:\/\/schema.org\",\"@graph\":[{\"@type\":\"WebPage\",\"@id\":\"https:\/\/renove-toitures.fr\/index.php\/nettoyage-de-toiture-saint-fargeau-ponthierry-demoussage-traitement-77\/\",\"url\":\"https:\/\/renove-toitures.fr\/index.php\/nettoyage-de-toiture-saint-fargeau-ponthierry-demoussage-traitement-77\/\",\"name\":\"Nettoyage et d\u00e9moussage de toiture - Renove toiture\",\"isPartOf\":{\"@id\":\"https:\/\/renove-toitures.fr\/#website\"},\"primaryImageOfPage\":{\"@id\":\"https:\/\/renove-toitures.fr\/index.php\/nettoyage-de-toiture-saint-fargeau-ponthierry-demoussage-traitement-77\/#primaryimage\"},\"image\":{\"@id\":\"https:\/\/renove-toitures.fr\/index.php\/nettoyage-de-toiture-saint-fargeau-ponthierry-demoussage-traitement-77\/#primaryimage\"},\"thumbnailUrl\":\"http:\/\/renove-toitures.fr\/wp-content\/uploads\/2026\/02\/Demoussage-de-toiture.jpeg\",\"datePublished\":\"2026-02-08T18:37:11+00:00\",\"dateModified\":\"2026-02-09T17:58:35+00:00\",\"description\":\"Redonnez de l'\u00e9clat \u00e0 votre toit ! RENOVE TOITURE assure le nettoyage, le d\u00e9moussage et le traitement hydrofuge de toiture \u00e0 Saint-Fargeau-Ponthierry et dans tout le 77. Devis gratuit au 06 50 87 54 83.\",\"breadcrumb\":{\"@id\":\"https:\/\/renove-toitures.fr\/index.php\/nettoyage-de-toiture-saint-fargeau-ponthierry-demoussage-traitement-77\/#breadcrumb\"},\"inLanguage\":\"fr-FR\",\"potentialAction\":[{\"@type\":\"ReadAction\",\"target\":[\"https:\/\/renove-toitures.fr\/index.php\/nettoyage-de-toiture-saint-fargeau-ponthierry-demoussage-traitement-77\/\"]}]},{\"@type\":\"ImageObject\",\"inLanguage\":\"fr-FR\",\"@id\":\"https:\/\/renove-toitures.fr\/index.php\/nettoyage-de-toiture-saint-fargeau-ponthierry-demoussage-traitement-77\/#primaryimage\",\"url\":\"http:\/\/renove-toitures.fr\/wp-content\/uploads\/2026\/02\/Demoussage-de-toiture.jpeg\",\"contentUrl\":\"http:\/\/renove-toitures.fr\/wp-content\/uploads\/2026\/02\/Demoussage-de-toiture.jpeg\"},{\"@type\":\"BreadcrumbList\",\"@id\":\"https:\/\/renove-toitures.fr\/index.php\/nettoyage-de-toiture-saint-fargeau-ponthierry-demoussage-traitement-77\/#breadcrumb\",\"itemListElement\":[{\"@type\":\"ListItem\",\"position\":1,\"name\":\"Accueil\",\"item\":\"https:\/\/renove-toitures.fr\/\"},{\"@type\":\"ListItem\",\"position\":2,\"name\":\"Nettoyage et d\u00e9moussage de toiture\"}]},{\"@type\":\"WebSite\",\"@id\":\"https:\/\/renove-toitures.fr\/#website\",\"url\":\"https:\/\/renove-toitures.fr\/\",\"name\":\"Renove toiture\",\"description\":\"RENOVE TOITURE, des toits durables, un savoir-faire fiable\",\"publisher\":{\"@id\":\"https:\/\/renove-toitures.fr\/#organization\"},\"potentialAction\":[{\"@type\":\"SearchAction\",\"target\":{\"@type\":\"EntryPoint\",\"urlTemplate\":\"https:\/\/renove-toitures.fr\/?s={search_term_string}\"},\"query-input\":{\"@type\":\"PropertyValueSpecification\",\"valueRequired\":true,\"valueName\":\"search_term_string\"}}],\"inLanguage\":\"fr-FR\"},{\"@type\":\"Organization\",\"@id\":\"https:\/\/renove-toitures.fr\/#organization\",\"name\":\"Renove toiture\",\"url\":\"https:\/\/renove-toitures.fr\/\",\"logo\":{\"@type\":\"ImageObject\",\"inLanguage\":\"fr-FR\",\"@id\":\"https:\/\/renove-toitures.fr\/#\/schema\/logo\/image\/\",\"url\":\"https:\/\/renove-toitures.fr\/wp-content\/uploads\/2026\/01\/Logo-elegant-pour-Renove-Toiture.png\",\"contentUrl\":\"https:\/\/renove-toitures.fr\/wp-content\/uploads\/2026\/01\/Logo-elegant-pour-Renove-Toiture.png\",\"width\":1024,\"height\":1024,\"caption\":\"Renove toiture\"},\"image\":{\"@id\":\"https:\/\/renove-toitures.fr\/#\/schema\/logo\/image\/\"}}]}<\/script>\n<!-- \/ Yoast SEO plugin. -->","yoast_head_json":{"title":"Nettoyage et d\u00e9moussage de toiture - Renove toiture","description":"Redonnez de l'\u00e9clat \u00e0 votre toit ! RENOVE TOITURE assure le nettoyage, le d\u00e9moussage et le traitement hydrofuge de toiture \u00e0 Saint-Fargeau-Ponthierry et dans tout le 77. Devis gratuit au 06 50 87 54 83.","robots":{"index":"index","follow":"follow","max-snippet":"max-snippet:-1","max-image-preview":"max-image-preview:large","max-video-preview":"max-video-preview:-1"},"canonical":"https:\/\/renove-toitures.fr\/index.php\/nettoyage-de-toiture-saint-fargeau-ponthierry-demoussage-traitement-77\/","og_locale":"fr_FR","og_type":"article","og_title":"Nettoyage et d\u00e9moussage de toiture - Renove toiture","og_description":"Redonnez de l'\u00e9clat \u00e0 votre toit ! RENOVE TOITURE assure le nettoyage, le d\u00e9moussage et le traitement hydrofuge de toiture \u00e0 Saint-Fargeau-Ponthierry et dans tout le 77. Devis gratuit au 06 50 87 54 83.","og_url":"https:\/\/renove-toitures.fr\/index.php\/nettoyage-de-toiture-saint-fargeau-ponthierry-demoussage-traitement-77\/","og_site_name":"Renove toiture","article_modified_time":"2026-02-09T17:58:35+00:00","og_image":[{"url":"http:\/\/renove-toitures.fr\/wp-content\/uploads\/2026\/02\/Demoussage-de-toiture.jpeg","type":"","width":"","height":""}],"twitter_card":"summary_large_image","twitter_misc":{"Dur\u00e9e de lecture estim\u00e9e":"3 minutes"},"schema":{"@context":"https:\/\/schema.org","@graph":[{"@type":"WebPage","@id":"https:\/\/renove-toitures.fr\/index.php\/nettoyage-de-toiture-saint-fargeau-ponthierry-demoussage-traitement-77\/","url":"https:\/\/renove-toitures.fr\/index.php\/nettoyage-de-toiture-saint-fargeau-ponthierry-demoussage-traitement-77\/","name":"Nettoyage et d\u00e9moussage de toiture - Renove toiture","isPartOf":{"@id":"https:\/\/renove-toitures.fr\/#website"},"primaryImageOfPage":{"@id":"https:\/\/renove-toitures.fr\/index.php\/nettoyage-de-toiture-saint-fargeau-ponthierry-demoussage-traitement-77\/#primaryimage"},"image":{"@id":"https:\/\/renove-toitures.fr\/index.php\/nettoyage-de-toiture-saint-fargeau-ponthierry-demoussage-traitement-77\/#primaryimage"},"thumbnailUrl":"http:\/\/renove-toitures.fr\/wp-content\/uploads\/2026\/02\/Demoussage-de-toiture.jpeg","datePublished":"2026-02-08T18:37:11+00:00","dateModified":"2026-02-09T17:58:35+00:00","description":"Redonnez de l'\u00e9clat \u00e0 votre toit ! RENOVE TOITURE assure le nettoyage, le d\u00e9moussage et le traitement hydrofuge de toiture \u00e0 Saint-Fargeau-Ponthierry et dans tout le 77. Devis gratuit au 06 50 87 54 83.","breadcrumb":{"@id":"https:\/\/renove-toitures.fr\/index.php\/nettoyage-de-toiture-saint-fargeau-ponthierry-demoussage-traitement-77\/#breadcrumb"},"inLanguage":"fr-FR","potentialAction":[{"@type":"ReadAction","target":["https:\/\/renove-toitures.fr\/index.php\/nettoyage-de-toiture-saint-fargeau-ponthierry-demoussage-traitement-77\/"]}]},{"@type":"ImageObject","inLanguage":"fr-FR","@id":"https:\/\/renove-toitures.fr\/index.php\/nettoyage-de-toiture-saint-fargeau-ponthierry-demoussage-traitement-77\/#primaryimage","url":"http:\/\/renove-toitures.fr\/wp-content\/uploads\/2026\/02\/Demoussage-de-toiture.jpeg","contentUrl":"http:\/\/renove-toitures.fr\/wp-content\/uploads\/2026\/02\/Demoussage-de-toiture.jpeg"},{"@type":"BreadcrumbList","@id":"https:\/\/renove-toitures.fr\/index.php\/nettoyage-de-toiture-saint-fargeau-ponthierry-demoussage-traitement-77\/#breadcrumb","itemListElement":[{"@type":"ListItem","position":1,"name":"Accueil","item":"https:\/\/renove-toitures.fr\/"},{"@type":"ListItem","position":2,"name":"Nettoyage et d\u00e9moussage de toiture"}]},{"@type":"WebSite","@id":"https:\/\/renove-toitures.fr\/#website","url":"https:\/\/renove-toitures.fr\/","name":"Renove toiture","description":"RENOVE TOITURE, des toits durables, un savoir-faire fiable","publisher":{"@id":"https:\/\/renove-toitures.fr\/#organization"},"potentialAction":[{"@type":"SearchAction","target":{"@type":"EntryPoint","urlTemplate":"https:\/\/renove-toitures.fr\/?s={search_term_string}"},"query-input":{"@type":"PropertyValueSpecification","valueRequired":true,"valueName":"search_term_string"}}],"inLanguage":"fr-FR"},{"@type":"Organization","@id":"https:\/\/renove-toitures.fr\/#organization","name":"Renove toiture","url":"https:\/\/renove-toitures.fr\/","logo":{"@type":"ImageObject","inLanguage":"fr-FR","@id":"https:\/\/renove-toitures.fr\/#\/schema\/logo\/image\/","url":"https:\/\/renove-toitures.fr\/wp-content\/uploads\/2026\/01\/Logo-elegant-pour-Renove-Toiture.png","contentUrl":"https:\/\/renove-toitures.fr\/wp-content\/uploads\/2026\/01\/Logo-elegant-pour-Renove-Toiture.png","width":1024,"height":1024,"caption":"Renove toiture"},"image":{"@id":"https:\/\/renove-toitures.fr\/#\/schema\/logo\/image\/"}}]}},"_links":{"self":[{"href":"https:\/\/renove-toitures.fr\/index.php\/wp-json\/wp\/v2\/pages\/20","targetHints":{"allow":["GET"]}}],"collection":[{"href":"https:\/\/renove-toitures.fr\/index.php\/wp-json\/wp\/v2\/pages"}],"about":[{"href":"https:\/\/renove-toitures.fr\/index.php\/wp-json\/wp\/v2\/types\/page"}],"author":[{"embeddable":true,"href":"https:\/\/renove-toitures.fr\/index.php\/wp-json\/wp\/v2\/users\/1"}],"replies":[{"embeddable":true,"href":"https:\/\/renove-toitures.fr\/index.php\/wp-json\/wp\/v2\/comments?post=20"}],"version-history":[{"count":11,"href":"https:\/\/renove-toitures.fr\/index.php\/wp-json\/wp\/v2\/pages\/20\/revisions"}],"predecessor-version":[{"id":242,"href":"https:\/\/renove-toitures.fr\/index.php\/wp-json\/wp\/v2\/pages\/20\/revisions\/242"}],"wp:attachment":[{"href":"https:\/\/renove-toitures.fr\/index.php\/wp-json\/wp\/v2\/media?parent=20"}],"curies":[{"name":"wp","href":"https:\/\/api.w.org\/{rel}","templated":true}]}}