{"id":22,"date":"2026-02-08T18:38:45","date_gmt":"2026-02-08T18:38:45","guid":{"rendered":"http:\/\/renove-toitures.fr\/?page_id=22"},"modified":"2026-02-09T18:10:57","modified_gmt":"2026-02-09T18:10:57","slug":"zinguerie-saint-fargeau-ponthierry","status":"publish","type":"page","link":"https:\/\/renove-toitures.fr\/index.php\/zinguerie-saint-fargeau-ponthierry\/","title":{"rendered":"Zinguerie et bac acier"},"content":{"rendered":"\n<div class=\"wp-block-cover alignfull\" style=\"min-height:472px;aspect-ratio:unset;\"><img loading=\"lazy\" decoding=\"async\" width=\"736\" height=\"883\" class=\"wp-block-cover__image-background wp-image-183 size-full\" alt=\"\" src=\"https:\/\/renove-toitures.fr\/wp-content\/uploads\/2026\/02\/Nettoyage-de-toiture-a-Saint-Frageau-77.jpeg\" data-object-fit=\"cover\" srcset=\"https:\/\/renove-toitures.fr\/wp-content\/uploads\/2026\/02\/Nettoyage-de-toiture-a-Saint-Frageau-77.jpeg 736w, https:\/\/renove-toitures.fr\/wp-content\/uploads\/2026\/02\/Nettoyage-de-toiture-a-Saint-Frageau-77-250x300.jpeg 250w\" sizes=\"auto, (max-width: 736px) 100vw, 736px\" \/><span aria-hidden=\"true\" class=\"wp-block-cover__background has-background-dim-0 has-background-dim\" style=\"background-color:#827c79\"><\/span><div class=\"wp-block-cover__inner-container has-global-padding is-layout-constrained wp-container-core-cover-is-layout-4383d167 wp-block-cover-is-layout-constrained\">\n<h2 class=\"wp-block-heading has-text-align-center has-text-color has-link-color has-suranna-font-family wp-elements-6a6e701e8a8158cf814c2df77601f4f2\" style=\"color:#ffffff;font-size:clamp(31.152px, 1.947rem + ((1vw - 3.2px) * 2.71), 55px);font-style:normal;font-weight:500\">Expert Zinguerie Saint-Fargeau-Ponthierry<\/h2>\n\n\n\n<p class=\"has-text-align-center has-text-color has-link-color has-large-font-size wp-elements-bec9f917a55dbf35f2c750781d796bbe\" style=\"color:#fafafa\"><strong>Expert Zinguerie Goutti\u00e8res &amp; \u00c9tanch\u00e9it\u00e9 77<\/strong><\/p>\n<\/div><\/div>\n\n\n\n<div class=\"wp-block-group alignfull has-global-padding is-layout-constrained wp-container-core-group-is-layout-4383d167 wp-block-group-is-layout-constrained\">\n<div class=\"wp-block-group alignwide has-global-padding is-layout-constrained wp-container-core-group-is-layout-a62fa364 wp-block-group-is-layout-constrained\" style=\"margin-top:0;margin-bottom:0;padding-top:0px;padding-bottom:0px\">\n<div class=\"wp-block-columns alignwide is-layout-flex wp-container-core-columns-is-layout-9cf8123d wp-block-columns-is-layout-flex\">\n<div class=\"wp-block-column is-layout-flow wp-block-column-is-layout-flow\">\n<figure class=\"wp-block-image size-full\"><img loading=\"lazy\" decoding=\"async\" width=\"735\" height=\"490\" src=\"https:\/\/renove-toitures.fr\/wp-content\/uploads\/2026\/02\/Tous-les-outils-de-zinguerie-a-connaitre.jpeg\" alt=\"\" class=\"wp-image-225\" style=\"aspect-ratio:3\/4;object-fit:cover\" srcset=\"https:\/\/renove-toitures.fr\/wp-content\/uploads\/2026\/02\/Tous-les-outils-de-zinguerie-a-connaitre.jpeg 735w, https:\/\/renove-toitures.fr\/wp-content\/uploads\/2026\/02\/Tous-les-outils-de-zinguerie-a-connaitre-300x200.jpeg 300w\" sizes=\"auto, (max-width: 735px) 100vw, 735px\" \/><\/figure>\n<\/div>\n\n\n\n<div class=\"wp-block-column is-vertically-aligned-center is-layout-flow wp-block-column-is-layout-flow\" style=\"padding-left:15px\">\n<h2 class=\"wp-block-heading has-text-color has-link-color has-suranna-font-family wp-elements-5e9bf5b60e27f7d1fc03dbca86fd4d60\" style=\"color:#000000;font-size:clamp(24.034px, 1.502rem + ((1vw - 3.2px) * 1.814), 40px);font-style:normal;font-weight:500;line-height:1\">Pose de Toiture en Bac Acier \u00e0 Saint-Fargeau-Ponthierry<\/h2>\n\n\n\n<p class=\"has-text-color has-link-color has-outfit-font-family wp-elements-60d323f62cec2a4a28536d972053b344\" style=\"color:#000000;font-size:clamp(14px, 0.875rem + ((1vw - 3.2px) * 0.455), 18px);font-style:normal;font-weight:400\">Le <strong>bac acier<\/strong> est une solution de couverture moderne, l\u00e9g\u00e8re et extr\u00eamement r\u00e9sistante, de plus en plus pl\u00e9biscit\u00e9e en Seine-et-Marne pour sa long\u00e9vit\u00e9 et son esth\u00e9tique contemporaine. Chez <strong>RENOVE TOITURE<\/strong>, nous ma\u00eetrisons la pose de panneaux d&rsquo;acier nervur\u00e9s pour garantir une \u00e9tanch\u00e9it\u00e9 totale \u00e0 votre b\u00e2timent.<\/p>\n\n\n\n<h4 class=\"wp-block-heading has-medium-font-size\">Nos solutions d&rsquo;isolation et de finition<\/h4>\n\n\n\n<p>Parce qu&rsquo;une toiture en m\u00e9tal peut \u00eatre bruyante sous la pluie ou g\u00e9n\u00e9rer de la condensation, nous proposons des solutions techniques adapt\u00e9es :<\/p>\n\n\n\n<ul class=\"wp-block-list\">\n<li><strong>Bac acier isol\u00e9 (Panneaux sandwich) :<\/strong> Int\u00e8gre directement un isolant thermique pour un confort optimal \u00e9t\u00e9 comme hiver.<\/li>\n\n\n\n<li><strong>R\u00e9gulateur de condensation :<\/strong> Application d&rsquo;un feutre anti-condensation sous les plaques pour prot\u00e9ger votre charpente.<\/li>\n\n\n\n<li><strong>Finition de zinguerie sur mesure :<\/strong> Fa\u00eeti\u00e8res, rives et solins parfaitement ajust\u00e9s pour un rendu professionnel.<\/li>\n<\/ul>\n<\/div>\n<\/div>\n\n\n\n<div class=\"wp-block-columns alignwide is-layout-flex wp-container-core-columns-is-layout-24b108c2 wp-block-columns-is-layout-flex\" style=\"padding-top:1px;padding-bottom:1px\">\n<div class=\"wp-block-column is-vertically-aligned-center is-layout-flow wp-block-column-is-layout-flow\" style=\"padding-right:15px\">\n<h2 class=\"wp-block-heading has-text-color has-link-color has-suranna-font-family wp-elements-0f3cc345e4c29a7a376adb2b4ebffda6\" style=\"color:#000000;font-size:clamp(24.034px, 1.502rem + ((1vw - 3.2px) * 1.814), 40px);font-style:normal;font-weight:500;line-height:1\">Pose et Remplacement de Goutti\u00e8res \u00e0 Saint-Fargeau-Ponthierry (77)<\/h2>\n\n\n\n<p class=\"has-text-color has-link-color has-outfit-font-family wp-elements-57992bf6588641207fa854d3eb78b9dd\" style=\"color:#000000;font-size:clamp(14px, 0.875rem + ((1vw - 3.2px) * 0.455), 18px);font-style:normal;font-weight:400\">Une \u00e9vacuation des eaux pluviales d\u00e9fectueuse peut causer des dommages graves \u00e0 votre maison : humidit\u00e9 dans les murs, infiltrations en fa\u00e7ade et fragilisation des fondations. <strong>RENOVE TOITURE<\/strong> assure l&rsquo;installation, l&rsquo;entretien et la r\u00e9paration de vos syst\u00e8mes de goutti\u00e8res \u00e0 <strong>Saint-Fargeau-Ponthierry<\/strong> et dans toute la Seine-et-Marne.<\/p>\n\n\n\n<div class=\"wp-block-buttons is-content-justification-center is-layout-flex wp-container-core-buttons-is-layout-a89b3969 wp-block-buttons-is-layout-flex\">\n<div class=\"wp-block-button\"><a class=\"wp-block-button__link has-text-color has-background has-link-color has-outfit-font-family has-custom-font-size wp-element-button\" href=\"https:\/\/renove-toitures.fr\/index.php\/contact\/\" style=\"border-radius:0px;color:#ffffff;background-color:#528d8e;padding-top:8px;padding-right:60px;padding-bottom:8px;padding-left:60px;font-size:clamp(14px, 0.875rem + ((1vw - 3.2px) * 0.455), 18px);\">Devis gratuit<\/a><\/div>\n<\/div>\n<\/div>\n\n\n\n<div class=\"wp-block-column is-layout-flow wp-block-column-is-layout-flow\">\n<figure class=\"wp-block-image size-full\"><img loading=\"lazy\" decoding=\"async\" width=\"736\" height=\"883\" src=\"https:\/\/renove-toitures.fr\/wp-content\/uploads\/2026\/02\/Nettoyage-de-toiture-a-Saint-Frageau-77.jpeg\" alt=\"\" class=\"wp-image-183\" style=\"aspect-ratio:4\/3;object-fit:cover\" srcset=\"https:\/\/renove-toitures.fr\/wp-content\/uploads\/2026\/02\/Nettoyage-de-toiture-a-Saint-Frageau-77.jpeg 736w, https:\/\/renove-toitures.fr\/wp-content\/uploads\/2026\/02\/Nettoyage-de-toiture-a-Saint-Frageau-77-250x300.jpeg 250w\" sizes=\"auto, (max-width: 736px) 100vw, 736px\" \/><\/figure>\n<\/div>\n<\/div>\n<\/div>\n<\/div>\n\n\n\n<p><\/p>\n","protected":false},"excerpt":{"rendered":"<p>Pose de Toiture en Bac Acier \u00e0 Saint-Fargeau-Ponthierry Le bac acier est une solution de couverture moderne, l\u00e9g\u00e8re et extr\u00eamement r\u00e9sistante, de plus en plus pl\u00e9biscit\u00e9e en Seine-et-Marne pour sa long\u00e9vit\u00e9 et son esth\u00e9tique contemporaine. Chez RENOVE TOITURE, nous ma\u00eetrisons la pose de panneaux d&rsquo;acier nervur\u00e9s pour garantir une \u00e9tanch\u00e9it\u00e9 totale \u00e0 votre b\u00e2timent. Nos [&hellip;]<\/p>\n","protected":false},"author":1,"featured_media":0,"parent":0,"menu_order":0,"comment_status":"closed","ping_status":"closed","template":"","meta":{"footnotes":""},"class_list":["post-22","page","type-page","status-publish","hentry"],"yoast_head":"<!-- This site is optimized with the Yoast SEO plugin v26.9 - https:\/\/yoast.com\/product\/yoast-seo-wordpress\/ -->\n<title>Zinguerie et bac acier - Renove toiture<\/title>\n<meta name=\"description\" content=\"Travaux de zinguerie \u00e0 Saint-Fargeau-Ponthierry : goutti\u00e8res, solins, noues, \u00e9tanch\u00e9it\u00e9 toiture. Intervention rapide en Seine-et-Marne.\" \/>\n<meta name=\"robots\" content=\"index, follow, max-snippet:-1, max-image-preview:large, max-video-preview:-1\" \/>\n<link rel=\"canonical\" href=\"https:\/\/renove-toitures.fr\/index.php\/zinguerie-saint-fargeau-ponthierry\/\" \/>\n<meta property=\"og:locale\" content=\"fr_FR\" \/>\n<meta property=\"og:type\" content=\"article\" \/>\n<meta property=\"og:title\" content=\"Zinguerie et bac acier - Renove toiture\" \/>\n<meta property=\"og:description\" content=\"Travaux de zinguerie \u00e0 Saint-Fargeau-Ponthierry : goutti\u00e8res, solins, noues, \u00e9tanch\u00e9it\u00e9 toiture. Intervention rapide en Seine-et-Marne.\" \/>\n<meta property=\"og:url\" content=\"https:\/\/renove-toitures.fr\/index.php\/zinguerie-saint-fargeau-ponthierry\/\" \/>\n<meta property=\"og:site_name\" content=\"Renove toiture\" \/>\n<meta property=\"article:modified_time\" content=\"2026-02-09T18:10:57+00:00\" \/>\n<meta property=\"og:image\" content=\"http:\/\/renove-toitures.fr\/wp-content\/uploads\/2026\/02\/Nettoyage-de-toiture-a-Saint-Frageau-77.jpeg\" \/>\n<meta name=\"twitter:card\" content=\"summary_large_image\" \/>\n<meta name=\"twitter:label1\" content=\"Dur\u00e9e de lecture estim\u00e9e\" \/>\n\t<meta name=\"twitter:data1\" content=\"2 minutes\" \/>\n<script type=\"application\/ld+json\" class=\"yoast-schema-graph\">{\"@context\":\"https:\/\/schema.org\",\"@graph\":[{\"@type\":\"WebPage\",\"@id\":\"https:\/\/renove-toitures.fr\/index.php\/zinguerie-saint-fargeau-ponthierry\/\",\"url\":\"https:\/\/renove-toitures.fr\/index.php\/zinguerie-saint-fargeau-ponthierry\/\",\"name\":\"Zinguerie et bac acier - Renove toiture\",\"isPartOf\":{\"@id\":\"https:\/\/renove-toitures.fr\/#website\"},\"primaryImageOfPage\":{\"@id\":\"https:\/\/renove-toitures.fr\/index.php\/zinguerie-saint-fargeau-ponthierry\/#primaryimage\"},\"image\":{\"@id\":\"https:\/\/renove-toitures.fr\/index.php\/zinguerie-saint-fargeau-ponthierry\/#primaryimage\"},\"thumbnailUrl\":\"http:\/\/renove-toitures.fr\/wp-content\/uploads\/2026\/02\/Nettoyage-de-toiture-a-Saint-Frageau-77.jpeg\",\"datePublished\":\"2026-02-08T18:38:45+00:00\",\"dateModified\":\"2026-02-09T18:10:57+00:00\",\"description\":\"Travaux de zinguerie \u00e0 Saint-Fargeau-Ponthierry : goutti\u00e8res, solins, noues, \u00e9tanch\u00e9it\u00e9 toiture. Intervention rapide en Seine-et-Marne.\",\"breadcrumb\":{\"@id\":\"https:\/\/renove-toitures.fr\/index.php\/zinguerie-saint-fargeau-ponthierry\/#breadcrumb\"},\"inLanguage\":\"fr-FR\",\"potentialAction\":[{\"@type\":\"ReadAction\",\"target\":[\"https:\/\/renove-toitures.fr\/index.php\/zinguerie-saint-fargeau-ponthierry\/\"]}]},{\"@type\":\"ImageObject\",\"inLanguage\":\"fr-FR\",\"@id\":\"https:\/\/renove-toitures.fr\/index.php\/zinguerie-saint-fargeau-ponthierry\/#primaryimage\",\"url\":\"http:\/\/renove-toitures.fr\/wp-content\/uploads\/2026\/02\/Nettoyage-de-toiture-a-Saint-Frageau-77.jpeg\",\"contentUrl\":\"http:\/\/renove-toitures.fr\/wp-content\/uploads\/2026\/02\/Nettoyage-de-toiture-a-Saint-Frageau-77.jpeg\"},{\"@type\":\"BreadcrumbList\",\"@id\":\"https:\/\/renove-toitures.fr\/index.php\/zinguerie-saint-fargeau-ponthierry\/#breadcrumb\",\"itemListElement\":[{\"@type\":\"ListItem\",\"position\":1,\"name\":\"Accueil\",\"item\":\"https:\/\/renove-toitures.fr\/\"},{\"@type\":\"ListItem\",\"position\":2,\"name\":\"Zinguerie et bac acier\"}]},{\"@type\":\"WebSite\",\"@id\":\"https:\/\/renove-toitures.fr\/#website\",\"url\":\"https:\/\/renove-toitures.fr\/\",\"name\":\"Renove toiture\",\"description\":\"RENOVE TOITURE, des toits durables, un savoir-faire fiable\",\"publisher\":{\"@id\":\"https:\/\/renove-toitures.fr\/#organization\"},\"potentialAction\":[{\"@type\":\"SearchAction\",\"target\":{\"@type\":\"EntryPoint\",\"urlTemplate\":\"https:\/\/renove-toitures.fr\/?s={search_term_string}\"},\"query-input\":{\"@type\":\"PropertyValueSpecification\",\"valueRequired\":true,\"valueName\":\"search_term_string\"}}],\"inLanguage\":\"fr-FR\"},{\"@type\":\"Organization\",\"@id\":\"https:\/\/renove-toitures.fr\/#organization\",\"name\":\"Renove toiture\",\"url\":\"https:\/\/renove-toitures.fr\/\",\"logo\":{\"@type\":\"ImageObject\",\"inLanguage\":\"fr-FR\",\"@id\":\"https:\/\/renove-toitures.fr\/#\/schema\/logo\/image\/\",\"url\":\"https:\/\/renove-toitures.fr\/wp-content\/uploads\/2026\/01\/Logo-elegant-pour-Renove-Toiture.png\",\"contentUrl\":\"https:\/\/renove-toitures.fr\/wp-content\/uploads\/2026\/01\/Logo-elegant-pour-Renove-Toiture.png\",\"width\":1024,\"height\":1024,\"caption\":\"Renove toiture\"},\"image\":{\"@id\":\"https:\/\/renove-toitures.fr\/#\/schema\/logo\/image\/\"}}]}<\/script>\n<!-- \/ Yoast SEO plugin. -->","yoast_head_json":{"title":"Zinguerie et bac acier - Renove toiture","description":"Travaux de zinguerie \u00e0 Saint-Fargeau-Ponthierry : goutti\u00e8res, solins, noues, \u00e9tanch\u00e9it\u00e9 toiture. Intervention rapide en Seine-et-Marne.","robots":{"index":"index","follow":"follow","max-snippet":"max-snippet:-1","max-image-preview":"max-image-preview:large","max-video-preview":"max-video-preview:-1"},"canonical":"https:\/\/renove-toitures.fr\/index.php\/zinguerie-saint-fargeau-ponthierry\/","og_locale":"fr_FR","og_type":"article","og_title":"Zinguerie et bac acier - Renove toiture","og_description":"Travaux de zinguerie \u00e0 Saint-Fargeau-Ponthierry : goutti\u00e8res, solins, noues, \u00e9tanch\u00e9it\u00e9 toiture. Intervention rapide en Seine-et-Marne.","og_url":"https:\/\/renove-toitures.fr\/index.php\/zinguerie-saint-fargeau-ponthierry\/","og_site_name":"Renove toiture","article_modified_time":"2026-02-09T18:10:57+00:00","og_image":[{"url":"http:\/\/renove-toitures.fr\/wp-content\/uploads\/2026\/02\/Nettoyage-de-toiture-a-Saint-Frageau-77.jpeg","type":"","width":"","height":""}],"twitter_card":"summary_large_image","twitter_misc":{"Dur\u00e9e de lecture estim\u00e9e":"2 minutes"},"schema":{"@context":"https:\/\/schema.org","@graph":[{"@type":"WebPage","@id":"https:\/\/renove-toitures.fr\/index.php\/zinguerie-saint-fargeau-ponthierry\/","url":"https:\/\/renove-toitures.fr\/index.php\/zinguerie-saint-fargeau-ponthierry\/","name":"Zinguerie et bac acier - Renove toiture","isPartOf":{"@id":"https:\/\/renove-toitures.fr\/#website"},"primaryImageOfPage":{"@id":"https:\/\/renove-toitures.fr\/index.php\/zinguerie-saint-fargeau-ponthierry\/#primaryimage"},"image":{"@id":"https:\/\/renove-toitures.fr\/index.php\/zinguerie-saint-fargeau-ponthierry\/#primaryimage"},"thumbnailUrl":"http:\/\/renove-toitures.fr\/wp-content\/uploads\/2026\/02\/Nettoyage-de-toiture-a-Saint-Frageau-77.jpeg","datePublished":"2026-02-08T18:38:45+00:00","dateModified":"2026-02-09T18:10:57+00:00","description":"Travaux de zinguerie \u00e0 Saint-Fargeau-Ponthierry : goutti\u00e8res, solins, noues, \u00e9tanch\u00e9it\u00e9 toiture. Intervention rapide en Seine-et-Marne.","breadcrumb":{"@id":"https:\/\/renove-toitures.fr\/index.php\/zinguerie-saint-fargeau-ponthierry\/#breadcrumb"},"inLanguage":"fr-FR","potentialAction":[{"@type":"ReadAction","target":["https:\/\/renove-toitures.fr\/index.php\/zinguerie-saint-fargeau-ponthierry\/"]}]},{"@type":"ImageObject","inLanguage":"fr-FR","@id":"https:\/\/renove-toitures.fr\/index.php\/zinguerie-saint-fargeau-ponthierry\/#primaryimage","url":"http:\/\/renove-toitures.fr\/wp-content\/uploads\/2026\/02\/Nettoyage-de-toiture-a-Saint-Frageau-77.jpeg","contentUrl":"http:\/\/renove-toitures.fr\/wp-content\/uploads\/2026\/02\/Nettoyage-de-toiture-a-Saint-Frageau-77.jpeg"},{"@type":"BreadcrumbList","@id":"https:\/\/renove-toitures.fr\/index.php\/zinguerie-saint-fargeau-ponthierry\/#breadcrumb","itemListElement":[{"@type":"ListItem","position":1,"name":"Accueil","item":"https:\/\/renove-toitures.fr\/"},{"@type":"ListItem","position":2,"name":"Zinguerie et bac acier"}]},{"@type":"WebSite","@id":"https:\/\/renove-toitures.fr\/#website","url":"https:\/\/renove-toitures.fr\/","name":"Renove toiture","description":"RENOVE TOITURE, des toits durables, un savoir-faire fiable","publisher":{"@id":"https:\/\/renove-toitures.fr\/#organization"},"potentialAction":[{"@type":"SearchAction","target":{"@type":"EntryPoint","urlTemplate":"https:\/\/renove-toitures.fr\/?s={search_term_string}"},"query-input":{"@type":"PropertyValueSpecification","valueRequired":true,"valueName":"search_term_string"}}],"inLanguage":"fr-FR"},{"@type":"Organization","@id":"https:\/\/renove-toitures.fr\/#organization","name":"Renove toiture","url":"https:\/\/renove-toitures.fr\/","logo":{"@type":"ImageObject","inLanguage":"fr-FR","@id":"https:\/\/renove-toitures.fr\/#\/schema\/logo\/image\/","url":"https:\/\/renove-toitures.fr\/wp-content\/uploads\/2026\/01\/Logo-elegant-pour-Renove-Toiture.png","contentUrl":"https:\/\/renove-toitures.fr\/wp-content\/uploads\/2026\/01\/Logo-elegant-pour-Renove-Toiture.png","width":1024,"height":1024,"caption":"Renove toiture"},"image":{"@id":"https:\/\/renove-toitures.fr\/#\/schema\/logo\/image\/"}}]}},"_links":{"self":[{"href":"https:\/\/renove-toitures.fr\/index.php\/wp-json\/wp\/v2\/pages\/22","targetHints":{"allow":["GET"]}}],"collection":[{"href":"https:\/\/renove-toitures.fr\/index.php\/wp-json\/wp\/v2\/pages"}],"about":[{"href":"https:\/\/renove-toitures.fr\/index.php\/wp-json\/wp\/v2\/types\/page"}],"author":[{"embeddable":true,"href":"https:\/\/renove-toitures.fr\/index.php\/wp-json\/wp\/v2\/users\/1"}],"replies":[{"embeddable":true,"href":"https:\/\/renove-toitures.fr\/index.php\/wp-json\/wp\/v2\/comments?post=22"}],"version-history":[{"count":12,"href":"https:\/\/renove-toitures.fr\/index.php\/wp-json\/wp\/v2\/pages\/22\/revisions"}],"predecessor-version":[{"id":246,"href":"https:\/\/renove-toitures.fr\/index.php\/wp-json\/wp\/v2\/pages\/22\/revisions\/246"}],"wp:attachment":[{"href":"https:\/\/renove-toitures.fr\/index.php\/wp-json\/wp\/v2\/media?parent=22"}],"curies":[{"name":"wp","href":"https:\/\/api.w.org\/{rel}","templated":true}]}}