{"id":28,"date":"2026-02-08T18:39:48","date_gmt":"2026-02-08T18:39:48","guid":{"rendered":"http:\/\/renove-toitures.fr\/?page_id=28"},"modified":"2026-02-11T08:43:05","modified_gmt":"2026-02-11T08:43:05","slug":"contact","status":"publish","type":"page","link":"https:\/\/renove-toitures.fr\/index.php\/contact\/","title":{"rendered":"Contact"},"content":{"rendered":"\n<div class=\"wp-block-cover alignfull\" style=\"padding-top:2%;min-height:30rem;aspect-ratio:unset;\"><img loading=\"lazy\" decoding=\"async\" width=\"600\" height=\"400\" class=\"wp-block-cover__image-background wp-image-79 size-full\" alt=\"\" src=\"https:\/\/renove-toitures.fr\/wp-content\/uploads\/2026\/02\/IMG_2082.jpg\" data-object-fit=\"cover\" srcset=\"https:\/\/renove-toitures.fr\/wp-content\/uploads\/2026\/02\/IMG_2082.jpg 600w, https:\/\/renove-toitures.fr\/wp-content\/uploads\/2026\/02\/IMG_2082-300x200.jpg 300w\" sizes=\"auto, (max-width: 600px) 100vw, 600px\" \/><span aria-hidden=\"true\" class=\"wp-block-cover__background has-background-dim-0 has-background-dim\" style=\"background-color:#6e6867\"><\/span><div class=\"wp-block-cover__inner-container has-global-padding is-layout-constrained wp-container-core-cover-is-layout-ee51f2d2 wp-block-cover-is-layout-constrained\">\n<div class=\"wp-block-group alignwide is-vertical is-content-justification-center is-layout-flex wp-container-core-group-is-layout-5e763914 wp-block-group-is-layout-flex\" style=\"min-height:8rem\">\n<div class=\"wp-block-group has-global-padding is-layout-constrained wp-container-core-group-is-layout-bea02a06 wp-block-group-is-layout-constrained\">\n<h2 class=\"wp-block-heading has-text-align-center has-text-color\" style=\"color:#f9f9fa;margin-top:0rem;margin-bottom:1.01rem;font-size:clamp(2.071rem, 2.071rem + ((1vw - 0.2rem) * 2.98), 3.71rem);font-style:normal;font-weight:400;line-height:1;text-transform:capitalize\">Contactez-Nous<\/h2>\n\n\n\n<p class=\"has-text-color has-link-color wp-elements-99d5995f1ec7f22c05a227b235d918ba\" style=\"color:#f7ecec\"><strong>Zone d&rsquo;intervention : Saint-Fargeau-Ponthierry (77310), Pringy, Seine-Port, Fontainebleau, Le M\u00e9e-sur-Seine, Melun, et toute la Seine-et-Marne.<\/strong><\/p>\n<\/div>\n<\/div>\n<\/div><\/div>\n\n\n\n<section class=\"wp-block-group alignfull has-text-color has-global-padding is-layout-constrained wp-container-core-group-is-layout-3ecd0cd4 wp-block-group-is-layout-constrained\" style=\"color:#03081e;margin-top:0px;padding-top:0.8rem;padding-right:var(--wp--preset--spacing--40);padding-bottom:0.2rem;padding-left:var(--wp--preset--spacing--40);font-size:clamp(0.875rem, 0.875rem + ((1vw - 0.2rem) * 0.464), 1.13rem);font-style:normal;font-weight:400;line-height:1.4\">\n<div class=\"wp-block-group alignfull has-text-color has-global-padding is-layout-constrained wp-container-core-group-is-layout-9f6dfefa wp-block-group-is-layout-constrained\" style=\"color:#252525;margin-top:0px;padding-top:0rem;padding-right:1rem;padding-bottom:0rem;padding-left:1rem;font-size:clamp(0.875rem, 0.875rem + ((1vw - 0.2rem) * 0.464), 1.13rem);font-style:normal;font-weight:400;line-height:1.4\">\n<div class=\"wp-block-group alignwide has-global-padding is-layout-constrained wp-block-group-is-layout-constrained\">\n<div class=\"wp-block-group has-global-padding is-layout-constrained wp-block-group-is-layout-constrained\">\n<h2 class=\"wp-block-heading has-text-align-center has-text-color\" style=\"color:#07277c;margin-bottom:0.51rem;font-size:clamp(1.743rem, 1.743rem + ((1vw - 0.2rem) * 2.285), 3rem);font-style:normal;font-weight:500;line-height:1.2\">Devis et d\u00e9placement Gratuit<\/h2>\n\n\n\n<p class=\"has-text-align-center has-text-color\" style=\"color:#575763;margin-top:0rem;font-size:clamp(0.875rem, 0.875rem + ((1vw - 0.2rem) * 0.773), 1.3rem);font-style:normal;font-weight:400;line-height:1.5\"><strong>Nous sommes l\u00e0 pour vous aider ! Contactez-nous et nous vous r\u00e9pondrons dans les 24 heures. Restons en contact !<\/strong><\/p>\n\n\n<style id=\"wpforms-css-vars-10-block-15e41f3c-1455-4730-a4dc-f0255477cab8\">\n\t\t\t\t#wpforms-10.wpforms-block-15e41f3c-1455-4730-a4dc-f0255477cab8 {\n\t\t\t\t--wpforms-field-size-input-height: 43px;\n--wpforms-field-size-input-spacing: 15px;\n--wpforms-field-size-font-size: 16px;\n--wpforms-field-size-line-height: 19px;\n--wpforms-field-size-padding-h: 14px;\n--wpforms-field-size-checkbox-size: 16px;\n--wpforms-field-size-sublabel-spacing: 5px;\n--wpforms-field-size-icon-size: 1;\n--wpforms-label-size-font-size: 16px;\n--wpforms-label-size-line-height: 19px;\n--wpforms-label-size-sublabel-font-size: 14px;\n--wpforms-label-size-sublabel-line-height: 17px;\n--wpforms-button-size-font-size: 17px;\n--wpforms-button-size-height: 41px;\n--wpforms-button-size-padding-h: 15px;\n--wpforms-button-size-margin-top: 10px;\n\t\t\t}\n\t\t\t<\/style><div class=\"wpforms-container wpforms-container-full wpforms-block wpforms-block-15e41f3c-1455-4730-a4dc-f0255477cab8 wpforms-render-modern\" id=\"wpforms-10\"><form id=\"wpforms-form-10\" class=\"wpforms-validate wpforms-form wpforms-ajax-form\" data-formid=\"10\" method=\"post\" enctype=\"multipart\/form-data\" action=\"\/index.php\/wp-json\/wp\/v2\/pages\/28\" data-token=\"0b776f26f19706631fabd01d1da6e5f8\" data-token-time=\"1775638141\"><noscript class=\"wpforms-error-noscript\">Veuillez activer JavaScript dans votre navigateur pour remplir ce formulaire.<\/noscript><div id=\"wpforms-error-noscript\" style=\"display: none;\">Veuillez activer JavaScript dans votre navigateur pour remplir ce formulaire.<\/div><div class=\"wpforms-field-container\"><div id=\"wpforms-10-field_1-container\" class=\"wpforms-field wpforms-field-name\" data-field-id=\"1\"><fieldset><legend class=\"wpforms-field-label\">Nom <span class=\"wpforms-required-label\" aria-hidden=\"true\">*<\/span><\/legend><div class=\"wpforms-field-row wpforms-field-medium\"><div class=\"wpforms-field-row-block wpforms-first wpforms-one-half\"><input type=\"text\" id=\"wpforms-10-field_1\" class=\"wpforms-field-name-first wpforms-field-required\" name=\"wpforms[fields][1][first]\" aria-errormessage=\"wpforms-10-field_1-error\" required><label for=\"wpforms-10-field_1\" class=\"wpforms-field-sublabel after\">Pr\u00e9nom<\/label><\/div><div class=\"wpforms-field-row-block wpforms-one-half\"><input type=\"text\" id=\"wpforms-10-field_1-last\" class=\"wpforms-field-name-last wpforms-field-required\" name=\"wpforms[fields][1][last]\" aria-errormessage=\"wpforms-10-field_1-last-error\" required><label for=\"wpforms-10-field_1-last\" class=\"wpforms-field-sublabel after\">Nom<\/label><\/div><\/div><\/fieldset><\/div><div id=\"wpforms-10-field_4-container\" class=\"wpforms-field wpforms-field-number\" data-field-id=\"4\"><label class=\"wpforms-field-label\" for=\"wpforms-10-field_4\">T\u00e9l\u00e9phone ( obligatoire )<\/label><input type=\"number\" id=\"wpforms-10-field_4\" class=\"wpforms-field-medium\" name=\"wpforms[fields][4]\" step=\"any\" aria-errormessage=\"wpforms-10-field_4-error\" ><\/div>\t\t<div id=\"wpforms-10-field_5-container\"\n\t\t\tclass=\"wpforms-field wpforms-field-text\"\n\t\t\tdata-field-type=\"text\"\n\t\t\tdata-field-id=\"5\"\n\t\t\t>\n\t\t\t<label class=\"wpforms-field-label\" for=\"wpforms-10-field_5\" >) Commentaire T\u00e9l\u00e9phone<\/label>\n\t\t\t<input type=\"text\" id=\"wpforms-10-field_5\" class=\"wpforms-field-medium\" name=\"wpforms[fields][5]\" >\n\t\t<\/div>\n\t\t<div id=\"wpforms-10-field_2-container\" class=\"wpforms-field wpforms-field-email\" data-field-id=\"2\"><label class=\"wpforms-field-label\" for=\"wpforms-10-field_2\">E-mail <span class=\"wpforms-required-label\" aria-hidden=\"true\">*<\/span><\/label><input type=\"email\" id=\"wpforms-10-field_2\" class=\"wpforms-field-medium wpforms-field-required\" name=\"wpforms[fields][2]\" spellcheck=\"false\" aria-errormessage=\"wpforms-10-field_2-error\" required><\/div><div id=\"wpforms-10-field_3-container\" class=\"wpforms-field wpforms-field-textarea\" data-field-id=\"3\"><label class=\"wpforms-field-label\" for=\"wpforms-10-field_3\">Commentaire ou message<\/label><textarea id=\"wpforms-10-field_3\" class=\"wpforms-field-medium\" name=\"wpforms[fields][3]\" aria-errormessage=\"wpforms-10-field_3-error\" ><\/textarea><\/div><script>\n\t\t\t\t( function() {\n\t\t\t\t\tconst style = document.createElement( 'style' );\n\t\t\t\t\tstyle.appendChild( document.createTextNode( '#wpforms-10-field_5-container { position: absolute !important; overflow: hidden !important; display: inline !important; height: 1px !important; width: 1px !important; z-index: -1000 !important; padding: 0 !important; } #wpforms-10-field_5-container input { visibility: hidden; } #wpforms-conversational-form-page #wpforms-10-field_5-container label { counter-increment: none; }' ) );\n\t\t\t\t\tdocument.head.appendChild( style );\n\t\t\t\t\tdocument.currentScript?.remove();\n\t\t\t\t} )();\n\t\t\t<\/script><\/div><!-- .wpforms-field-container --><div class=\"wpforms-submit-container\" ><input type=\"hidden\" name=\"wpforms[id]\" value=\"10\"><input type=\"hidden\" name=\"page_title\" value=\"\"><input type=\"hidden\" name=\"page_url\" value=\"https:\/\/renove-toitures.fr\/index.php\/wp-json\/wp\/v2\/pages\/28\"><input type=\"hidden\" name=\"url_referer\" value=\"\"><button type=\"submit\" name=\"wpforms[submit]\" id=\"wpforms-submit-10\" class=\"wpforms-submit\" data-alt-text=\"Envoi...\" data-submit-text=\"Envoyer\" aria-live=\"assertive\" value=\"wpforms-submit\">Envoyer<\/button><img loading=\"lazy\" decoding=\"async\" src=\"https:\/\/renove-toitures.fr\/wp-content\/plugins\/wpforms-lite\/assets\/images\/submit-spin.svg\" class=\"wpforms-submit-spinner\" style=\"display: none;\" width=\"26\" height=\"26\" alt=\"Chargement en cours\"><\/div><\/form><\/div>  <!-- .wpforms-container --><\/div>\n<\/div>\n<\/div>\n<\/section>\n\n\n\n<section class=\"wp-block-cover alignfull is-light has-custom-content-position is-position-top-center\" style=\"margin-top:0px;padding-top:0rem;padding-bottom:0px;min-height:402px;aspect-ratio:unset;\"><img loading=\"lazy\" decoding=\"async\" width=\"736\" height=\"981\" class=\"wp-block-cover__image-background wp-image-44 size-full\" alt=\"\" src=\"https:\/\/renove-toitures.fr\/wp-content\/uploads\/2026\/02\/17.jpeg\" data-object-fit=\"cover\" srcset=\"https:\/\/renove-toitures.fr\/wp-content\/uploads\/2026\/02\/17.jpeg 736w, https:\/\/renove-toitures.fr\/wp-content\/uploads\/2026\/02\/17-225x300.jpeg 225w\" sizes=\"auto, (max-width: 736px) 100vw, 736px\" \/><span aria-hidden=\"true\" class=\"wp-block-cover__background has-background-dim-0 has-background-dim\" style=\"background-color:#8f9293\"><\/span><div class=\"wp-block-cover__inner-container has-global-padding is-layout-constrained wp-container-core-cover-is-layout-e165fa9a wp-block-cover-is-layout-constrained\">\n<div class=\"wp-block-group is-vertical is-content-justification-stretch is-layout-flex wp-container-core-group-is-layout-7e924153 wp-block-group-is-layout-flex\" style=\"margin-top:8%\">\n<h2 class=\"wp-block-heading has-text-align-center has-text-color\" style=\"color:#f8f9fa;margin-bottom:1.11rem;font-size:clamp(1.743rem, 1.743rem + ((1vw - 0.2rem) * 2.285), 3rem);font-style:normal;font-weight:500;line-height:1.2\"><strong>RENOVE TOITURE<\/strong><\/h2>\n\n\n\n<div class=\"wp-block-group has-text-color has-link-color wp-elements-b66ed97daa68682cf91c202227b32d11 has-global-padding is-layout-constrained wp-container-core-group-is-layout-2218ac57 wp-block-group-is-layout-constrained\" style=\"color:#f4f2f2;padding-top:5%;padding-bottom:4.01rem\">\n<div class=\"wp-block-columns is-layout-flex wp-container-core-columns-is-layout-394952b5 wp-block-columns-is-layout-flex\">\n<div class=\"wp-block-column is-vertically-aligned-top has-global-padding is-layout-constrained wp-container-core-column-is-layout-d4f51017 wp-block-column-is-layout-constrained\" style=\"padding-left:1rem\">\n<div class=\"wp-block-columns is-not-stacked-on-mobile is-layout-flex wp-container-core-columns-is-layout-7e464bea wp-block-columns-is-layout-flex\">\n<div class=\"wp-block-column is-layout-flow wp-block-column-is-layout-flow\" style=\"flex-basis:20%\">\n<figure class=\"wp-block-image size-large is-resized\"><img decoding=\"async\" src=\"https:\/\/tyler.com\/wp-content\/uploads\/2023\/11\/icon-location-pin.svg\" alt=\"\" class=\"wp-image-3042\" style=\"width:45px\"\/><\/figure>\n<\/div>\n\n\n\n<div class=\"wp-block-column is-layout-flow wp-block-column-is-layout-flow\" style=\"flex-basis:100%\">\n<h6 class=\"wp-block-heading has-text-align-left has-text-color\" style=\"color:#fbfbfb;margin-bottom:0.51rem;font-size:clamp(0.875rem, 0.875rem + ((1vw - 0.2rem) * 0.645), 1.23rem);font-style:normal;font-weight:400;line-height:1.3;text-transform:capitalize\"><strong>Address<\/strong><\/h6>\n\n\n\n<p class=\"has-text-align-left has-text-color\" style=\"color:#fafafa;margin-top:0px;margin-bottom:0.51rem;font-size:clamp(0.875em, 0.875rem + ((1vw - 0.2em) * 0.064), 0.91em);font-style:normal;font-weight:400;line-height:1.5\"><strong>Place du march\u00e9, 77310 -Fargeau-Ponthierry <\/strong><\/p>\n<\/div>\n\n\n\n<div class=\"wp-block-column has-global-padding is-content-justification-right is-layout-constrained wp-container-core-column-is-layout-f1f2ed93 wp-block-column-is-layout-constrained\" style=\"flex-basis:3px\">\n<figure class=\"wp-block-image size-full is-resized\"><img decoding=\"async\" src=\"https:\/\/tyler.com\/wp-content\/uploads\/2023\/11\/column-border90.jpg\" alt=\"\" class=\"wp-image-3044\" style=\"width:1px\"\/><\/figure>\n<\/div>\n<\/div>\n<\/div>\n\n\n\n<div class=\"wp-block-column is-vertically-aligned-top has-global-padding is-layout-constrained wp-container-core-column-is-layout-d4f51017 wp-block-column-is-layout-constrained\" style=\"padding-left:1rem\">\n<div class=\"wp-block-columns is-not-stacked-on-mobile is-layout-flex wp-container-core-columns-is-layout-7e464bea wp-block-columns-is-layout-flex\">\n<div class=\"wp-block-column is-layout-flow wp-block-column-is-layout-flow\" style=\"flex-basis:20%\">\n<figure class=\"wp-block-image size-large is-resized\"><img decoding=\"async\" src=\"https:\/\/tyler.com\/wp-content\/uploads\/2023\/11\/icon-phone.svg\" alt=\"\" class=\"wp-image-3043\" style=\"width:45px\"\/><\/figure>\n<\/div>\n\n\n\n<div class=\"wp-block-column is-layout-flow wp-block-column-is-layout-flow\" style=\"flex-basis:100%\">\n<h6 class=\"wp-block-heading has-text-align-left has-text-color\" style=\"color:#f4f6f9;margin-bottom:0.51rem;font-size:clamp(0.875rem, 0.875rem + ((1vw - 0.2rem) * 0.645), 1.23rem);font-style:normal;font-weight:400;line-height:1.3;text-transform:capitalize\"><strong>Contact<\/strong><\/h6>\n\n\n\n<p class=\"has-text-align-left has-text-color has-link-color wp-elements-aba89939bde4eea46a450e366ccb4807\" style=\"color:#fdfdfe;margin-top:0px;margin-bottom:0.51rem;font-size:clamp(0.875em, 0.875rem + ((1vw - 0.2em) * 0.227), 1em);font-style:normal;font-weight:400;line-height:1.5;text-decoration:none\"><strong>Portable : <a href=\"https:\/\/www.google.com\/search?q=tel:0650875483&amp;authuser=2\" target=\"_blank\" rel=\"noreferrer noopener\">06 50 87 54 83<\/a><\/strong><\/p>\n\n\n\n<p class=\"has-text-align-left\"><strong>Fixe: 09 82 69 86 70<\/strong><\/p>\n\n\n\n<p class=\"has-text-align-left has-text-color has-link-color wp-elements-b01a539abb36fde72728187a5d2e0f6f\" style=\"color:#f9f9fb;margin-top:0px;font-size:clamp(0.875em, 0.875rem + ((1vw - 0.2em) * 0.591), 1.2em);font-style:normal;font-weight:400;line-height:1.4;text-decoration:none\"><strong>Email : paulrenovetoiture@gmail.com<\/strong><\/p>\n<\/div>\n\n\n\n<div class=\"wp-block-column has-global-padding is-content-justification-right is-layout-constrained wp-container-core-column-is-layout-f1f2ed93 wp-block-column-is-layout-constrained\" style=\"flex-basis:3px\">\n<figure class=\"wp-block-image size-full is-resized\"><img decoding=\"async\" src=\"https:\/\/tyler.com\/wp-content\/uploads\/2023\/11\/column-border90.jpg\" alt=\"\" class=\"wp-image-3044\" style=\"width:1px\"\/><\/figure>\n<\/div>\n<\/div>\n<\/div>\n\n\n\n<div class=\"wp-block-column is-vertically-aligned-top has-global-padding is-content-justification-center is-layout-constrained wp-container-core-column-is-layout-4fae4cd2 wp-block-column-is-layout-constrained\" style=\"padding-left:1rem\">\n<div class=\"wp-block-columns is-not-stacked-on-mobile is-layout-flex wp-container-core-columns-is-layout-7e464bea wp-block-columns-is-layout-flex\">\n<div class=\"wp-block-column is-layout-flow wp-block-column-is-layout-flow\" style=\"flex-basis:20%\">\n<figure class=\"wp-block-image size-large is-resized\"><img decoding=\"async\" src=\"https:\/\/tyler.com\/wp-content\/uploads\/2023\/11\/icon-clock.svg\" alt=\"\" class=\"wp-image-3041\" style=\"width:45px\"\/><\/figure>\n<\/div>\n\n\n\n<div class=\"wp-block-column is-layout-flow wp-block-column-is-layout-flow\" style=\"flex-basis:100%\">\n<h6 class=\"wp-block-heading has-text-align-left has-text-color\" style=\"color:#fbfbfb;margin-bottom:0.51rem;font-size:clamp(0.875rem, 0.875rem + ((1vw - 0.2rem) * 0.645), 1.23rem);font-style:normal;font-weight:400;line-height:1.3;text-transform:capitalize\"><strong>Nos Horaires<\/strong><\/h6>\n\n\n\n<div class=\"wp-block-group is-layout-flex wp-container-core-group-is-layout-71e0c763 wp-block-group-is-layout-flex\" style=\"margin-top:0px;margin-bottom:0px;padding-top:0px;padding-right:0px;padding-bottom:0px;padding-left:0px\">\n<p class=\"has-text-align-left has-text-color\" style=\"color:#fbfbfb;margin-top:0px;margin-right:5px;margin-bottom:0.51rem;margin-left:0px;font-size:clamp(0.875em, 0.875rem + ((1vw - 0.2em) * 0.064), 0.91em);font-style:normal;font-weight:400;line-height:1.5\"><strong>Lun- Sam :<\/strong><\/p>\n\n\n\n<p class=\"has-text-align-left has-text-color wp-container-content-9cfa9a5a\" style=\"color:#fbfcfd;margin-top:0px;margin-bottom:0.51rem;margin-left:0px;font-size:clamp(0.875em, 0.875rem + ((1vw - 0.2em) * 0.064), 0.91em);font-style:normal;font-weight:400;line-height:1.5\"><strong>08:00 \u2013 20:00<\/strong><\/p>\n<\/div>\n<\/div>\n<\/div>\n<\/div>\n<\/div>\n<\/div>\n<\/div>\n<\/div><\/section>\n","protected":false},"excerpt":{"rendered":"<p>Devis et d\u00e9placement Gratuit Nous sommes l\u00e0 pour vous aider ! Contactez-nous et nous vous r\u00e9pondrons dans les 24 heures. Restons en contact !<\/p>\n","protected":false},"author":1,"featured_media":0,"parent":0,"menu_order":0,"comment_status":"closed","ping_status":"closed","template":"","meta":{"footnotes":""},"class_list":["post-28","page","type-page","status-publish","hentry"],"yoast_head":"<!-- This site is optimized with the Yoast SEO plugin v26.9 - https:\/\/yoast.com\/product\/yoast-seo-wordpress\/ -->\n<title>Contact - Renove toiture<\/title>\n<meta name=\"robots\" content=\"index, follow, max-snippet:-1, max-image-preview:large, max-video-preview:-1\" \/>\n<link rel=\"canonical\" href=\"https:\/\/renove-toitures.fr\/index.php\/contact\/\" \/>\n<meta property=\"og:locale\" content=\"fr_FR\" \/>\n<meta property=\"og:type\" content=\"article\" \/>\n<meta property=\"og:title\" content=\"Contact - Renove toiture\" \/>\n<meta property=\"og:description\" content=\"Devis et d\u00e9placement Gratuit Nous sommes l\u00e0 pour vous aider ! Contactez-nous et nous vous r\u00e9pondrons dans les 24 heures. Restons en contact !\" \/>\n<meta property=\"og:url\" content=\"https:\/\/renove-toitures.fr\/index.php\/contact\/\" \/>\n<meta property=\"og:site_name\" content=\"Renove toiture\" \/>\n<meta property=\"article:modified_time\" content=\"2026-02-11T08:43:05+00:00\" \/>\n<meta property=\"og:image\" content=\"http:\/\/renove-toitures.fr\/wp-content\/uploads\/2026\/02\/IMG_2082.jpg\" \/>\n<meta name=\"twitter:card\" content=\"summary_large_image\" \/>\n<meta name=\"twitter:label1\" content=\"Dur\u00e9e de lecture estim\u00e9e\" \/>\n\t<meta name=\"twitter:data1\" content=\"2 minutes\" \/>\n<script type=\"application\/ld+json\" class=\"yoast-schema-graph\">{\"@context\":\"https:\/\/schema.org\",\"@graph\":[{\"@type\":\"WebPage\",\"@id\":\"https:\/\/renove-toitures.fr\/index.php\/contact\/\",\"url\":\"https:\/\/renove-toitures.fr\/index.php\/contact\/\",\"name\":\"Contact - Renove toiture\",\"isPartOf\":{\"@id\":\"https:\/\/renove-toitures.fr\/#website\"},\"primaryImageOfPage\":{\"@id\":\"https:\/\/renove-toitures.fr\/index.php\/contact\/#primaryimage\"},\"image\":{\"@id\":\"https:\/\/renove-toitures.fr\/index.php\/contact\/#primaryimage\"},\"thumbnailUrl\":\"http:\/\/renove-toitures.fr\/wp-content\/uploads\/2026\/02\/IMG_2082.jpg\",\"datePublished\":\"2026-02-08T18:39:48+00:00\",\"dateModified\":\"2026-02-11T08:43:05+00:00\",\"breadcrumb\":{\"@id\":\"https:\/\/renove-toitures.fr\/index.php\/contact\/#breadcrumb\"},\"inLanguage\":\"fr-FR\",\"potentialAction\":[{\"@type\":\"ReadAction\",\"target\":[\"https:\/\/renove-toitures.fr\/index.php\/contact\/\"]}]},{\"@type\":\"ImageObject\",\"inLanguage\":\"fr-FR\",\"@id\":\"https:\/\/renove-toitures.fr\/index.php\/contact\/#primaryimage\",\"url\":\"http:\/\/renove-toitures.fr\/wp-content\/uploads\/2026\/02\/IMG_2082.jpg\",\"contentUrl\":\"http:\/\/renove-toitures.fr\/wp-content\/uploads\/2026\/02\/IMG_2082.jpg\"},{\"@type\":\"BreadcrumbList\",\"@id\":\"https:\/\/renove-toitures.fr\/index.php\/contact\/#breadcrumb\",\"itemListElement\":[{\"@type\":\"ListItem\",\"position\":1,\"name\":\"Accueil\",\"item\":\"https:\/\/renove-toitures.fr\/\"},{\"@type\":\"ListItem\",\"position\":2,\"name\":\"Contact\"}]},{\"@type\":\"WebSite\",\"@id\":\"https:\/\/renove-toitures.fr\/#website\",\"url\":\"https:\/\/renove-toitures.fr\/\",\"name\":\"Renove toiture\",\"description\":\"RENOVE TOITURE, des toits durables, un savoir-faire fiable\",\"publisher\":{\"@id\":\"https:\/\/renove-toitures.fr\/#organization\"},\"potentialAction\":[{\"@type\":\"SearchAction\",\"target\":{\"@type\":\"EntryPoint\",\"urlTemplate\":\"https:\/\/renove-toitures.fr\/?s={search_term_string}\"},\"query-input\":{\"@type\":\"PropertyValueSpecification\",\"valueRequired\":true,\"valueName\":\"search_term_string\"}}],\"inLanguage\":\"fr-FR\"},{\"@type\":\"Organization\",\"@id\":\"https:\/\/renove-toitures.fr\/#organization\",\"name\":\"Renove toiture\",\"url\":\"https:\/\/renove-toitures.fr\/\",\"logo\":{\"@type\":\"ImageObject\",\"inLanguage\":\"fr-FR\",\"@id\":\"https:\/\/renove-toitures.fr\/#\/schema\/logo\/image\/\",\"url\":\"https:\/\/renove-toitures.fr\/wp-content\/uploads\/2026\/01\/Logo-elegant-pour-Renove-Toiture.png\",\"contentUrl\":\"https:\/\/renove-toitures.fr\/wp-content\/uploads\/2026\/01\/Logo-elegant-pour-Renove-Toiture.png\",\"width\":1024,\"height\":1024,\"caption\":\"Renove toiture\"},\"image\":{\"@id\":\"https:\/\/renove-toitures.fr\/#\/schema\/logo\/image\/\"}}]}<\/script>\n<!-- \/ Yoast SEO plugin. -->","yoast_head_json":{"title":"Contact - Renove toiture","robots":{"index":"index","follow":"follow","max-snippet":"max-snippet:-1","max-image-preview":"max-image-preview:large","max-video-preview":"max-video-preview:-1"},"canonical":"https:\/\/renove-toitures.fr\/index.php\/contact\/","og_locale":"fr_FR","og_type":"article","og_title":"Contact - Renove toiture","og_description":"Devis et d\u00e9placement Gratuit Nous sommes l\u00e0 pour vous aider ! Contactez-nous et nous vous r\u00e9pondrons dans les 24 heures. Restons en contact !","og_url":"https:\/\/renove-toitures.fr\/index.php\/contact\/","og_site_name":"Renove toiture","article_modified_time":"2026-02-11T08:43:05+00:00","og_image":[{"url":"http:\/\/renove-toitures.fr\/wp-content\/uploads\/2026\/02\/IMG_2082.jpg","type":"","width":"","height":""}],"twitter_card":"summary_large_image","twitter_misc":{"Dur\u00e9e de lecture estim\u00e9e":"2 minutes"},"schema":{"@context":"https:\/\/schema.org","@graph":[{"@type":"WebPage","@id":"https:\/\/renove-toitures.fr\/index.php\/contact\/","url":"https:\/\/renove-toitures.fr\/index.php\/contact\/","name":"Contact - Renove toiture","isPartOf":{"@id":"https:\/\/renove-toitures.fr\/#website"},"primaryImageOfPage":{"@id":"https:\/\/renove-toitures.fr\/index.php\/contact\/#primaryimage"},"image":{"@id":"https:\/\/renove-toitures.fr\/index.php\/contact\/#primaryimage"},"thumbnailUrl":"http:\/\/renove-toitures.fr\/wp-content\/uploads\/2026\/02\/IMG_2082.jpg","datePublished":"2026-02-08T18:39:48+00:00","dateModified":"2026-02-11T08:43:05+00:00","breadcrumb":{"@id":"https:\/\/renove-toitures.fr\/index.php\/contact\/#breadcrumb"},"inLanguage":"fr-FR","potentialAction":[{"@type":"ReadAction","target":["https:\/\/renove-toitures.fr\/index.php\/contact\/"]}]},{"@type":"ImageObject","inLanguage":"fr-FR","@id":"https:\/\/renove-toitures.fr\/index.php\/contact\/#primaryimage","url":"http:\/\/renove-toitures.fr\/wp-content\/uploads\/2026\/02\/IMG_2082.jpg","contentUrl":"http:\/\/renove-toitures.fr\/wp-content\/uploads\/2026\/02\/IMG_2082.jpg"},{"@type":"BreadcrumbList","@id":"https:\/\/renove-toitures.fr\/index.php\/contact\/#breadcrumb","itemListElement":[{"@type":"ListItem","position":1,"name":"Accueil","item":"https:\/\/renove-toitures.fr\/"},{"@type":"ListItem","position":2,"name":"Contact"}]},{"@type":"WebSite","@id":"https:\/\/renove-toitures.fr\/#website","url":"https:\/\/renove-toitures.fr\/","name":"Renove toiture","description":"RENOVE TOITURE, des toits durables, un savoir-faire fiable","publisher":{"@id":"https:\/\/renove-toitures.fr\/#organization"},"potentialAction":[{"@type":"SearchAction","target":{"@type":"EntryPoint","urlTemplate":"https:\/\/renove-toitures.fr\/?s={search_term_string}"},"query-input":{"@type":"PropertyValueSpecification","valueRequired":true,"valueName":"search_term_string"}}],"inLanguage":"fr-FR"},{"@type":"Organization","@id":"https:\/\/renove-toitures.fr\/#organization","name":"Renove toiture","url":"https:\/\/renove-toitures.fr\/","logo":{"@type":"ImageObject","inLanguage":"fr-FR","@id":"https:\/\/renove-toitures.fr\/#\/schema\/logo\/image\/","url":"https:\/\/renove-toitures.fr\/wp-content\/uploads\/2026\/01\/Logo-elegant-pour-Renove-Toiture.png","contentUrl":"https:\/\/renove-toitures.fr\/wp-content\/uploads\/2026\/01\/Logo-elegant-pour-Renove-Toiture.png","width":1024,"height":1024,"caption":"Renove toiture"},"image":{"@id":"https:\/\/renove-toitures.fr\/#\/schema\/logo\/image\/"}}]}},"_links":{"self":[{"href":"https:\/\/renove-toitures.fr\/index.php\/wp-json\/wp\/v2\/pages\/28","targetHints":{"allow":["GET"]}}],"collection":[{"href":"https:\/\/renove-toitures.fr\/index.php\/wp-json\/wp\/v2\/pages"}],"about":[{"href":"https:\/\/renove-toitures.fr\/index.php\/wp-json\/wp\/v2\/types\/page"}],"author":[{"embeddable":true,"href":"https:\/\/renove-toitures.fr\/index.php\/wp-json\/wp\/v2\/users\/1"}],"replies":[{"embeddable":true,"href":"https:\/\/renove-toitures.fr\/index.php\/wp-json\/wp\/v2\/comments?post=28"}],"version-history":[{"count":10,"href":"https:\/\/renove-toitures.fr\/index.php\/wp-json\/wp\/v2\/pages\/28\/revisions"}],"predecessor-version":[{"id":294,"href":"https:\/\/renove-toitures.fr\/index.php\/wp-json\/wp\/v2\/pages\/28\/revisions\/294"}],"wp:attachment":[{"href":"https:\/\/renove-toitures.fr\/index.php\/wp-json\/wp\/v2\/media?parent=28"}],"curies":[{"name":"wp","href":"https:\/\/api.w.org\/{rel}","templated":true}]}}